{"id":639,"date":"2016-12-25T11:03:29","date_gmt":"2016-12-25T10:03:29","guid":{"rendered":"http:\/\/astrojeje.com\/?page_id=639"},"modified":"2025-09-06T21:24:42","modified_gmt":"2025-09-06T20:24:42","slug":"lobservatoire-dastrojeje","status":"publish","type":"page","link":"http:\/\/astrojeje.com\/index.php\/lobservatoire-dastrojeje\/","title":{"rendered":"L&#8217;observatoire d&#8217;Astrojeje"},"content":{"rendered":"<p><strong>\u00c9volution de l&#8217;observatoire\u00a0<\/strong><\/p>\n<p>C&#8217;est en 1999 que j&#8217;ai d\u00e9but\u00e9 cette belle aventure de construire son propre observatoire. Avec l&#8217;installation de diff\u00e9rents instruments et les derni\u00e8res technologies informatiques et domotiques, Il \u00e0 subit de grandes modifications. Il est aujourd&#8217;hui pilotable \u00e0 distance.<\/p>\n<p>Il est \u00e9quip\u00e9 d&#8217;un syst\u00e8me automatis\u00e9 avec l&#8217;utilisation de l&#8217;excellent logiciel <a href=\"http:\/\/www.felopaul.com\/software.htm\">MaxPilote<\/a> de mon ami <a href=\"http:\/\/www.felopaul.com\/software.htm\">Laurent BOURGON<\/a> . Pour arriver \u00e0 cette particularit\u00e9, il fallut inventer une nouvelle fonction pour la gestion de l&#8217;ouverture et la fermeture \u00e0 distance.<\/p>\n<p><strong>Conception de la nouvelle coupole :<\/strong><\/p>\n<p>Apr\u00e8s plusieurs plans et analyses de la structure l&#8217;observatoire \u00e0 pris forme.<\/p>\n<p><a href=\"http:\/\/astrojeje.com\/wp-content\/uploads\/2016\/12\/plan.jpg\"><img loading=\"lazy\" decoding=\"async\" class=\"aligncenter size-full wp-image-713\" src=\"http:\/\/astrojeje.com\/wp-content\/uploads\/2016\/12\/plan.jpg\" alt=\"plan\" width=\"1200\" height=\"852\" srcset=\"http:\/\/astrojeje.com\/wp-content\/uploads\/2016\/12\/plan.jpg 1200w, http:\/\/astrojeje.com\/wp-content\/uploads\/2016\/12\/plan-300x213.jpg 300w, http:\/\/astrojeje.com\/wp-content\/uploads\/2016\/12\/plan-768x545.jpg 768w, http:\/\/astrojeje.com\/wp-content\/uploads\/2016\/12\/plan-1024x727.jpg 1024w\" sizes=\"auto, (max-width: 1200px) 100vw, 1200px\" \/><\/a><\/p>\n<p><a href=\"http:\/\/astrojeje.com\/wp-content\/uploads\/2016\/12\/les-premiers-\u00e9l\u00e9ments.jpg\"><img loading=\"lazy\" decoding=\"async\" class=\"aligncenter size-full wp-image-708\" src=\"http:\/\/astrojeje.com\/wp-content\/uploads\/2016\/12\/les-premiers-\u00e9l\u00e9ments.jpg\" alt=\"\" width=\"1200\" height=\"800\" srcset=\"http:\/\/astrojeje.com\/wp-content\/uploads\/2016\/12\/les-premiers-\u00e9l\u00e9ments.jpg 1200w, http:\/\/astrojeje.com\/wp-content\/uploads\/2016\/12\/les-premiers-\u00e9l\u00e9ments-300x200.jpg 300w, http:\/\/astrojeje.com\/wp-content\/uploads\/2016\/12\/les-premiers-\u00e9l\u00e9ments-768x512.jpg 768w, http:\/\/astrojeje.com\/wp-content\/uploads\/2016\/12\/les-premiers-\u00e9l\u00e9ments-1024x683.jpg 1024w\" sizes=\"auto, (max-width: 1200px) 100vw, 1200px\" \/><\/a> <a href=\"http:\/\/astrojeje.com\/wp-content\/uploads\/2016\/12\/montage-des-cintres.jpg\"><img loading=\"lazy\" decoding=\"async\" class=\"aligncenter size-full wp-image-711\" src=\"http:\/\/astrojeje.com\/wp-content\/uploads\/2016\/12\/montage-des-cintres.jpg\" alt=\"\" width=\"1200\" height=\"800\" srcset=\"http:\/\/astrojeje.com\/wp-content\/uploads\/2016\/12\/montage-des-cintres.jpg 1200w, http:\/\/astrojeje.com\/wp-content\/uploads\/2016\/12\/montage-des-cintres-300x200.jpg 300w, http:\/\/astrojeje.com\/wp-content\/uploads\/2016\/12\/montage-des-cintres-768x512.jpg 768w, http:\/\/astrojeje.com\/wp-content\/uploads\/2016\/12\/montage-des-cintres-1024x683.jpg 1024w\" sizes=\"auto, (max-width: 1200px) 100vw, 1200px\" \/><\/a> <a href=\"http:\/\/astrojeje.com\/wp-content\/uploads\/2016\/12\/liaisons-en-bois.jpg\"><img loading=\"lazy\" decoding=\"async\" class=\"aligncenter size-full wp-image-709\" src=\"http:\/\/astrojeje.com\/wp-content\/uploads\/2016\/12\/liaisons-en-bois.jpg\" alt=\"\" width=\"1200\" height=\"800\" srcset=\"http:\/\/astrojeje.com\/wp-content\/uploads\/2016\/12\/liaisons-en-bois.jpg 1200w, http:\/\/astrojeje.com\/wp-content\/uploads\/2016\/12\/liaisons-en-bois-300x200.jpg 300w, http:\/\/astrojeje.com\/wp-content\/uploads\/2016\/12\/liaisons-en-bois-768x512.jpg 768w, http:\/\/astrojeje.com\/wp-content\/uploads\/2016\/12\/liaisons-en-bois-1024x683.jpg 1024w\" sizes=\"auto, (max-width: 1200px) 100vw, 1200px\" \/><\/a> <a href=\"http:\/\/astrojeje.com\/wp-content\/uploads\/2016\/12\/montage-cimier.jpg\"><img loading=\"lazy\" decoding=\"async\" class=\"aligncenter size-full wp-image-710\" src=\"http:\/\/astrojeje.com\/wp-content\/uploads\/2016\/12\/montage-cimier.jpg\" alt=\"\" width=\"1200\" height=\"800\" srcset=\"http:\/\/astrojeje.com\/wp-content\/uploads\/2016\/12\/montage-cimier.jpg 1200w, http:\/\/astrojeje.com\/wp-content\/uploads\/2016\/12\/montage-cimier-300x200.jpg 300w, http:\/\/astrojeje.com\/wp-content\/uploads\/2016\/12\/montage-cimier-768x512.jpg 768w, http:\/\/astrojeje.com\/wp-content\/uploads\/2016\/12\/montage-cimier-1024x683.jpg 1024w\" sizes=\"auto, (max-width: 1200px) 100vw, 1200px\" \/><\/a> <a href=\"http:\/\/astrojeje.com\/wp-content\/uploads\/2016\/12\/observatoire-fermer.jpg\"><img loading=\"lazy\" decoding=\"async\" class=\"aligncenter size-full wp-image-712\" src=\"http:\/\/astrojeje.com\/wp-content\/uploads\/2016\/12\/observatoire-fermer.jpg\" alt=\"\" width=\"1200\" height=\"800\" srcset=\"http:\/\/astrojeje.com\/wp-content\/uploads\/2016\/12\/observatoire-fermer.jpg 1200w, http:\/\/astrojeje.com\/wp-content\/uploads\/2016\/12\/observatoire-fermer-300x200.jpg 300w, http:\/\/astrojeje.com\/wp-content\/uploads\/2016\/12\/observatoire-fermer-768x512.jpg 768w, http:\/\/astrojeje.com\/wp-content\/uploads\/2016\/12\/observatoire-fermer-1024x683.jpg 1024w\" sizes=\"auto, (max-width: 1200px) 100vw, 1200px\" \/><\/a> <a href=\"http:\/\/astrojeje.com\/wp-content\/uploads\/2016\/12\/plaque-pvc-d\u00e9coup\u00e9e.jpg\"><img loading=\"lazy\" decoding=\"async\" class=\"aligncenter size-full wp-image-714\" src=\"http:\/\/astrojeje.com\/wp-content\/uploads\/2016\/12\/plaque-pvc-d\u00e9coup\u00e9e.jpg\" alt=\"\" width=\"1200\" height=\"800\" srcset=\"http:\/\/astrojeje.com\/wp-content\/uploads\/2016\/12\/plaque-pvc-d\u00e9coup\u00e9e.jpg 1200w, http:\/\/astrojeje.com\/wp-content\/uploads\/2016\/12\/plaque-pvc-d\u00e9coup\u00e9e-300x200.jpg 300w, http:\/\/astrojeje.com\/wp-content\/uploads\/2016\/12\/plaque-pvc-d\u00e9coup\u00e9e-768x512.jpg 768w, http:\/\/astrojeje.com\/wp-content\/uploads\/2016\/12\/plaque-pvc-d\u00e9coup\u00e9e-1024x683.jpg 1024w\" sizes=\"auto, (max-width: 1200px) 100vw, 1200px\" \/><\/a> <a href=\"http:\/\/astrojeje.com\/wp-content\/uploads\/2016\/12\/plaque-pvc-sur-le-cimier.jpg\"><img loading=\"lazy\" decoding=\"async\" class=\"aligncenter size-full wp-image-715\" src=\"http:\/\/astrojeje.com\/wp-content\/uploads\/2016\/12\/plaque-pvc-sur-le-cimier.jpg\" alt=\"\" width=\"1200\" height=\"800\" srcset=\"http:\/\/astrojeje.com\/wp-content\/uploads\/2016\/12\/plaque-pvc-sur-le-cimier.jpg 1200w, http:\/\/astrojeje.com\/wp-content\/uploads\/2016\/12\/plaque-pvc-sur-le-cimier-300x200.jpg 300w, http:\/\/astrojeje.com\/wp-content\/uploads\/2016\/12\/plaque-pvc-sur-le-cimier-768x512.jpg 768w, http:\/\/astrojeje.com\/wp-content\/uploads\/2016\/12\/plaque-pvc-sur-le-cimier-1024x683.jpg 1024w\" sizes=\"auto, (max-width: 1200px) 100vw, 1200px\" \/><\/a><\/p>\n<p>Jusqu&#8217;\u00e0 pr\u00e9sent, je devais sortir des trappes apr\u00e8s trappes un peu comme un puzzle pour ouvrir le toit.<\/p>\n<p><a href=\"http:\/\/astrojeje.com\/wp-content\/uploads\/2016\/12\/2008.jpg\"><img loading=\"lazy\" decoding=\"async\" class=\"aligncenter size-full wp-image-699\" src=\"http:\/\/astrojeje.com\/wp-content\/uploads\/2016\/12\/2008.jpg\" alt=\"\" width=\"1200\" height=\"800\" srcset=\"http:\/\/astrojeje.com\/wp-content\/uploads\/2016\/12\/2008.jpg 1200w, http:\/\/astrojeje.com\/wp-content\/uploads\/2016\/12\/2008-300x200.jpg 300w, http:\/\/astrojeje.com\/wp-content\/uploads\/2016\/12\/2008-768x512.jpg 768w, http:\/\/astrojeje.com\/wp-content\/uploads\/2016\/12\/2008-1024x683.jpg 1024w\" sizes=\"auto, (max-width: 1200px) 100vw, 1200px\" \/><\/a><\/p>\n<p>J&#8217;ai imagin\u00e9 un nouveau concept. Je vous invite \u00e0 d\u00e9couvrir en images cette r\u00e9alisation. L &#8216;ensemble est en PVC et la structure en bois. Le d\u00e9placement se fait sur les rails de portail au transport lat\u00e9ral. Les roulements permettent un maintien de la toiture en cas de vent. Le montage est bas\u00e9 sur la base du toit. Le panneau en PVC fait 8 mm d&#8217;\u00e9paisseur et \u00e9pouse la forme des cintres. L&#8217;ensemble est parfaitement fix\u00e9 par des vis \u00e0 bois de 150 mm de long ! Le cimier est \u00e9galement en PVC avec une plaque de 5 mm. L&#8217;ensemble est mont\u00e9 sur un rail \u00e9galement en pvc qui prend la forme du cintre. L&#8217;ensemble est mont\u00e9 sur des roulements de porte de placard.<\/p>\n<p><strong>Installation:<\/strong><\/p>\n<p>Une matin\u00e9e pour installer la nouvelle toiture avec l&#8217;aide de 3 amis. Le rail est fix\u00e9 directement sur la structure. Le plus important \u00e9tait de respecter la largeur du passage. Une mise en place insolite avec l&#8217;aide du tracteur je vous invite \u00e0 voir en images la pose avec la joie de voir mon projet aboutir.<\/p>\n<p><a href=\"http:\/\/astrojeje.com\/wp-content\/uploads\/2016\/12\/pose-du-rail.jpg\"><img loading=\"lazy\" decoding=\"async\" class=\"aligncenter size-full wp-image-716\" src=\"http:\/\/astrojeje.com\/wp-content\/uploads\/2016\/12\/pose-du-rail.jpg\" alt=\"\" width=\"1200\" height=\"800\" srcset=\"http:\/\/astrojeje.com\/wp-content\/uploads\/2016\/12\/pose-du-rail.jpg 1200w, http:\/\/astrojeje.com\/wp-content\/uploads\/2016\/12\/pose-du-rail-300x200.jpg 300w, http:\/\/astrojeje.com\/wp-content\/uploads\/2016\/12\/pose-du-rail-768x512.jpg 768w, http:\/\/astrojeje.com\/wp-content\/uploads\/2016\/12\/pose-du-rail-1024x683.jpg 1024w\" sizes=\"auto, (max-width: 1200px) 100vw, 1200px\" \/><\/a> <a href=\"http:\/\/astrojeje.com\/wp-content\/uploads\/2016\/12\/IMG_5673.jpg\"><img loading=\"lazy\" decoding=\"async\" class=\"aligncenter size-full wp-image-706\" src=\"http:\/\/astrojeje.com\/wp-content\/uploads\/2016\/12\/IMG_5673.jpg\" alt=\"\" width=\"1200\" height=\"800\" srcset=\"http:\/\/astrojeje.com\/wp-content\/uploads\/2016\/12\/IMG_5673.jpg 1200w, http:\/\/astrojeje.com\/wp-content\/uploads\/2016\/12\/IMG_5673-300x200.jpg 300w, http:\/\/astrojeje.com\/wp-content\/uploads\/2016\/12\/IMG_5673-768x512.jpg 768w, http:\/\/astrojeje.com\/wp-content\/uploads\/2016\/12\/IMG_5673-1024x683.jpg 1024w\" sizes=\"auto, (max-width: 1200px) 100vw, 1200px\" \/><\/a> <a href=\"http:\/\/astrojeje.com\/wp-content\/uploads\/2016\/12\/transport-insolite.jpg\"><img loading=\"lazy\" decoding=\"async\" class=\"aligncenter size-full wp-image-718\" src=\"http:\/\/astrojeje.com\/wp-content\/uploads\/2016\/12\/transport-insolite.jpg\" alt=\"\" width=\"1200\" height=\"800\" srcset=\"http:\/\/astrojeje.com\/wp-content\/uploads\/2016\/12\/transport-insolite.jpg 1200w, http:\/\/astrojeje.com\/wp-content\/uploads\/2016\/12\/transport-insolite-300x200.jpg 300w, http:\/\/astrojeje.com\/wp-content\/uploads\/2016\/12\/transport-insolite-768x512.jpg 768w, http:\/\/astrojeje.com\/wp-content\/uploads\/2016\/12\/transport-insolite-1024x683.jpg 1024w\" sizes=\"auto, (max-width: 1200px) 100vw, 1200px\" \/><\/a> <a href=\"http:\/\/astrojeje.com\/wp-content\/uploads\/2016\/12\/glissement.jpg\"><img loading=\"lazy\" decoding=\"async\" class=\"aligncenter size-full wp-image-705\" src=\"http:\/\/astrojeje.com\/wp-content\/uploads\/2016\/12\/glissement.jpg\" alt=\"\" width=\"1200\" height=\"800\" srcset=\"http:\/\/astrojeje.com\/wp-content\/uploads\/2016\/12\/glissement.jpg 1200w, http:\/\/astrojeje.com\/wp-content\/uploads\/2016\/12\/glissement-300x200.jpg 300w, http:\/\/astrojeje.com\/wp-content\/uploads\/2016\/12\/glissement-768x512.jpg 768w, http:\/\/astrojeje.com\/wp-content\/uploads\/2016\/12\/glissement-1024x683.jpg 1024w\" sizes=\"auto, (max-width: 1200px) 100vw, 1200px\" \/><\/a> <a href=\"http:\/\/astrojeje.com\/wp-content\/uploads\/2016\/12\/en-place.jpg\"><img loading=\"lazy\" decoding=\"async\" class=\"aligncenter size-full wp-image-703\" src=\"http:\/\/astrojeje.com\/wp-content\/uploads\/2016\/12\/en-place.jpg\" alt=\"\" width=\"1200\" height=\"800\" srcset=\"http:\/\/astrojeje.com\/wp-content\/uploads\/2016\/12\/en-place.jpg 1200w, http:\/\/astrojeje.com\/wp-content\/uploads\/2016\/12\/en-place-300x200.jpg 300w, http:\/\/astrojeje.com\/wp-content\/uploads\/2016\/12\/en-place-768x512.jpg 768w, http:\/\/astrojeje.com\/wp-content\/uploads\/2016\/12\/en-place-1024x683.jpg 1024w\" sizes=\"auto, (max-width: 1200px) 100vw, 1200px\" \/><\/a> <a href=\"http:\/\/astrojeje.com\/wp-content\/uploads\/2016\/12\/finitions.jpg\"><img loading=\"lazy\" decoding=\"async\" class=\"aligncenter size-full wp-image-704\" src=\"http:\/\/astrojeje.com\/wp-content\/uploads\/2016\/12\/finitions.jpg\" alt=\"\" width=\"1200\" height=\"800\" srcset=\"http:\/\/astrojeje.com\/wp-content\/uploads\/2016\/12\/finitions.jpg 1200w, http:\/\/astrojeje.com\/wp-content\/uploads\/2016\/12\/finitions-300x200.jpg 300w, http:\/\/astrojeje.com\/wp-content\/uploads\/2016\/12\/finitions-768x512.jpg 768w, http:\/\/astrojeje.com\/wp-content\/uploads\/2016\/12\/finitions-1024x683.jpg 1024w\" sizes=\"auto, (max-width: 1200px) 100vw, 1200px\" \/><\/a><\/p>\n<p>Je tiens \u00e0 remercier mes amis qui sont venu me donner un coup-de-main notamment Alain Lache pour la position de la plaque en PVC et la r\u00e9alisation des trous de fixations des poteaux, et le regrett\u00e9 Bertand Bertin.<\/p>\n<p><strong>Motorisation:<\/strong><\/p>\n<p>La motorisation est constitu\u00e9e par deux moteurs:<\/p>\n<ol>\n<li>Moteur de palais avec enroulement d&#8217;un c\u00e2ble fix\u00e9 sur l&#8217;arri\u00e8re du cimeti\u00e8re et contre le poids pour la fermeture,<\/li>\n<li>Moteur de porte de garage sectionnelle Procom 7 avec fin de course automatique et g\u00e9rable par un apprentissage, avec une entra\u00eenement sur cr\u00e9maill\u00e8re pos\u00e9 sur un c\u00f4t\u00e9 du b\u00e2tit.<\/li>\n<\/ol>\n<p>Cet ensemble est actionn\u00e9 par carte \u00e9lectronique du type K8055 et des relais.<\/p>\n<p><a href=\"http:\/\/astrojeje.com\/wp-content\/uploads\/2016\/12\/relais.jpg\"><img loading=\"lazy\" decoding=\"async\" class=\"aligncenter size-full wp-image-741\" src=\"http:\/\/astrojeje.com\/wp-content\/uploads\/2016\/12\/relais.jpg\" alt=\"\" width=\"1280\" height=\"722\" srcset=\"http:\/\/astrojeje.com\/wp-content\/uploads\/2016\/12\/relais.jpg 1280w, http:\/\/astrojeje.com\/wp-content\/uploads\/2016\/12\/relais-300x169.jpg 300w, http:\/\/astrojeje.com\/wp-content\/uploads\/2016\/12\/relais-768x433.jpg 768w, http:\/\/astrojeje.com\/wp-content\/uploads\/2016\/12\/relais-1024x578.jpg 1024w\" sizes=\"auto, (max-width: 1280px) 100vw, 1280px\" \/><\/a> <a href=\"http:\/\/astrojeje.com\/wp-content\/uploads\/2016\/12\/procom7.jpg\"><img loading=\"lazy\" decoding=\"async\" class=\"aligncenter size-full wp-image-740\" src=\"http:\/\/astrojeje.com\/wp-content\/uploads\/2016\/12\/procom7.jpg\" alt=\"\" width=\"816\" height=\"533\" srcset=\"http:\/\/astrojeje.com\/wp-content\/uploads\/2016\/12\/procom7.jpg 816w, http:\/\/astrojeje.com\/wp-content\/uploads\/2016\/12\/procom7-300x196.jpg 300w, http:\/\/astrojeje.com\/wp-content\/uploads\/2016\/12\/procom7-768x502.jpg 768w\" sizes=\"auto, (max-width: 816px) 100vw, 816px\" \/><\/a> <a href=\"http:\/\/astrojeje.com\/wp-content\/uploads\/2016\/12\/moteur-toit.jpg\"><img loading=\"lazy\" decoding=\"async\" class=\"aligncenter size-full wp-image-739\" src=\"http:\/\/astrojeje.com\/wp-content\/uploads\/2016\/12\/moteur-toit.jpg\" alt=\"\" width=\"1280\" height=\"722\" srcset=\"http:\/\/astrojeje.com\/wp-content\/uploads\/2016\/12\/moteur-toit.jpg 1280w, http:\/\/astrojeje.com\/wp-content\/uploads\/2016\/12\/moteur-toit-300x169.jpg 300w, http:\/\/astrojeje.com\/wp-content\/uploads\/2016\/12\/moteur-toit-768x433.jpg 768w, http:\/\/astrojeje.com\/wp-content\/uploads\/2016\/12\/moteur-toit-1024x578.jpg 1024w\" sizes=\"auto, (max-width: 1280px) 100vw, 1280px\" \/><\/a> <a href=\"http:\/\/astrojeje.com\/wp-content\/uploads\/2016\/12\/moteur-palan.jpg\"><img loading=\"lazy\" decoding=\"async\" class=\"aligncenter size-full wp-image-738\" src=\"http:\/\/astrojeje.com\/wp-content\/uploads\/2016\/12\/moteur-palan.jpg\" alt=\"\" width=\"1280\" height=\"722\" srcset=\"http:\/\/astrojeje.com\/wp-content\/uploads\/2016\/12\/moteur-palan.jpg 1280w, http:\/\/astrojeje.com\/wp-content\/uploads\/2016\/12\/moteur-palan-300x169.jpg 300w, http:\/\/astrojeje.com\/wp-content\/uploads\/2016\/12\/moteur-palan-768x433.jpg 768w, http:\/\/astrojeje.com\/wp-content\/uploads\/2016\/12\/moteur-palan-1024x578.jpg 1024w\" sizes=\"auto, (max-width: 1280px) 100vw, 1280px\" \/><\/a> <a href=\"http:\/\/astrojeje.com\/wp-content\/uploads\/2016\/12\/roulement.jpg\"><img loading=\"lazy\" decoding=\"async\" class=\"aligncenter size-full wp-image-722\" src=\"http:\/\/astrojeje.com\/wp-content\/uploads\/2016\/12\/roulement.jpg\" alt=\"\" width=\"909\" height=\"1080\" srcset=\"http:\/\/astrojeje.com\/wp-content\/uploads\/2016\/12\/roulement.jpg 909w, http:\/\/astrojeje.com\/wp-content\/uploads\/2016\/12\/roulement-253x300.jpg 253w, http:\/\/astrojeje.com\/wp-content\/uploads\/2016\/12\/roulement-768x912.jpg 768w, http:\/\/astrojeje.com\/wp-content\/uploads\/2016\/12\/roulement-862x1024.jpg 862w\" sizes=\"auto, (max-width: 909px) 100vw, 909px\" \/><\/a><\/p>\n<p><iframe loading=\"lazy\" title=\"astroj\u00e9j\u00e9\" width=\"843\" height=\"474\" src=\"https:\/\/www.youtube.com\/embed\/ACDfJkhzRhs?feature=oembed\" frameborder=\"0\" allow=\"accelerometer; autoplay; clipboard-write; encrypted-media; gyroscope; picture-in-picture; web-share\" referrerpolicy=\"strict-origin-when-cross-origin\" allowfullscreen><\/iframe><\/p>\n","protected":false},"excerpt":{"rendered":"<p>\u00c9volution de l&#8217;observatoire\u00a0 C&#8217;est en 1999 que j&#8217;ai d\u00e9but\u00e9 cette belle aventure de construire son propre observatoire. Avec l&#8217;installation de diff\u00e9rents instruments et les derni\u00e8res technologies informatiques et domotiques, Il \u00e0 subit de grandes modifications. Il est aujourd&#8217;hui pilotable \u00e0 distance. Il est \u00e9quip\u00e9 d&#8217;un syst\u00e8me automatis\u00e9 avec l&#8217;utilisation de l&#8217;excellent logiciel MaxPilote de mon&#8230; <\/p>\n<div class=\"read-more navbutton\"><a href=\"http:\/\/astrojeje.com\/index.php\/lobservatoire-dastrojeje\/\">Read More<i class=\"fa fa-angle-double-right\"><\/i><\/a><\/div>\n","protected":false},"author":1,"featured_media":0,"parent":0,"menu_order":0,"comment_status":"closed","ping_status":"closed","template":"","meta":{"footnotes":""},"class_list":["post-639","page","type-page","status-publish","hentry"],"_links":{"self":[{"href":"http:\/\/astrojeje.com\/index.php\/wp-json\/wp\/v2\/pages\/639","targetHints":{"allow":["GET"]}}],"collection":[{"href":"http:\/\/astrojeje.com\/index.php\/wp-json\/wp\/v2\/pages"}],"about":[{"href":"http:\/\/astrojeje.com\/index.php\/wp-json\/wp\/v2\/types\/page"}],"author":[{"embeddable":true,"href":"http:\/\/astrojeje.com\/index.php\/wp-json\/wp\/v2\/users\/1"}],"replies":[{"embeddable":true,"href":"http:\/\/astrojeje.com\/index.php\/wp-json\/wp\/v2\/comments?post=639"}],"version-history":[{"count":40,"href":"http:\/\/astrojeje.com\/index.php\/wp-json\/wp\/v2\/pages\/639\/revisions"}],"predecessor-version":[{"id":4421,"href":"http:\/\/astrojeje.com\/index.php\/wp-json\/wp\/v2\/pages\/639\/revisions\/4421"}],"wp:attachment":[{"href":"http:\/\/astrojeje.com\/index.php\/wp-json\/wp\/v2\/media?parent=639"}],"curies":[{"name":"wp","href":"https:\/\/api.w.org\/{rel}","templated":true}]}}