{"id":4450,"date":"2025-09-21T11:31:40","date_gmt":"2025-09-21T10:31:40","guid":{"rendered":"http:\/\/astrojeje.com\/?page_id=4450"},"modified":"2026-04-16T21:16:08","modified_gmt":"2026-04-16T20:16:08","slug":"le-soleil","status":"publish","type":"page","link":"http:\/\/astrojeje.com\/index.php\/le-soleil\/","title":{"rendered":"Le Soleil"},"content":{"rendered":"\n<h1 class=\"wp-block-heading\"><em><mark style=\"background-color:rgba(0, 0, 0, 0)\" class=\"has-inline-color has-luminous-vivid-amber-color\">Taches solaire en lumi\u00e8re blanche<\/mark><\/em><\/h1>\n\n\n\n<div class=\"wp-block-group is-nowrap is-layout-flex wp-container-core-group-is-layout-ad2f72ca wp-block-group-is-layout-flex\"><div\n\t\t\t\n\t\t\tclass=\"so-widget-sow-image so-widget-sow-image-default-8b5b6f678277\"\n\t\t\t\n\t\t>\n<div class=\"sow-image-container\">\n\t\t\t<a href=\"http:\/\/astrojeje.com\/index.php\/portfolio\/taches-solaires-03-05-2025\/\"\n\t\t\t\t\t>\n\t\t\t<img \n\tsrc=\"http:\/\/astrojeje.com\/wp-content\/uploads\/2025\/10\/2025-05-03-0946_3-U-L-Sun_lapl2_ap3-272x182.jpg\" width=\"272\" height=\"182\" sizes=\"auto, (max-width: 272px) 100vw, 272px\" title=\"Taches solaires 03\/05\/2025\" alt=\"\" decoding=\"async\" loading=\"lazy\" \t\tclass=\"so-widget-image\"\/>\n\t\t\t<\/a><\/div>\n\nTaches solaires 03\/05\/2025<\/div>\t\t\t\t<style type=\"text\/css\">.so-widget-sow-image-default-8b5b6f678277 .sow-image-container {\n  display: flex;\n  align-items: flex-start;\n}\n.so-widget-sow-image-default-8b5b6f678277 .sow-image-container > a {\n  display: inline-block;\n  \n  max-width: 100%;\n}\n@media screen and (-ms-high-contrast: active), screen and (-ms-high-contrast: none) {\n  .so-widget-sow-image-default-8b5b6f678277 .sow-image-container > a {\n    display: flex;\n  }\n}\n.so-widget-sow-image-default-8b5b6f678277 .sow-image-container .so-widget-image {\n  display: block;\n  height: auto;\n  max-width: 100%;\n  \n}<\/style>\n\t\t\t\t\n\n<div\n\t\t\t\n\t\t\tclass=\"so-widget-sow-image so-widget-sow-image-default-8b5b6f678277\"\n\t\t\t\n\t\t>\n<div class=\"sow-image-container\">\n\t\t\t<a href=\"http:\/\/astrojeje.com\/index.php\/portfolio\/taches-solaires-25-05-2023\/\"\n\t\t\t\t\t>\n\t\t\t<img \n\tsrc=\"http:\/\/astrojeje.com\/wp-content\/uploads\/2025\/10\/25-05-2023_L102_ALTAIR_178_ASTROSOLAR_CONTINIUM-272x182.jpg\" width=\"272\" height=\"182\" sizes=\"auto, (max-width: 272px) 100vw, 272px\" title=\"Taches solaires 25\/05\/2023\" alt=\"\" decoding=\"async\" loading=\"lazy\" \t\tclass=\"so-widget-image\"\/>\n\t\t\t<\/a><\/div>\n\nTaches solaires 25\/05\/2023<\/div>\t\t\t\t<style type=\"text\/css\">.so-widget-sow-image-default-8b5b6f678277 .sow-image-container {\n  display: flex;\n  align-items: flex-start;\n}\n.so-widget-sow-image-default-8b5b6f678277 .sow-image-container > a {\n  display: inline-block;\n  \n  max-width: 100%;\n}\n@media screen and (-ms-high-contrast: active), screen and (-ms-high-contrast: none) {\n  .so-widget-sow-image-default-8b5b6f678277 .sow-image-container > a {\n    display: flex;\n  }\n}\n.so-widget-sow-image-default-8b5b6f678277 .sow-image-container .so-widget-image {\n  display: block;\n  height: auto;\n  max-width: 100%;\n  \n}<\/style>\n\t\t\t\t\n\n<div\n\t\t\t\n\t\t\tclass=\"so-widget-sow-image so-widget-sow-image-default-8b5b6f678277\"\n\t\t\t\n\t\t>\n<div class=\"sow-image-container\">\n\t\t\t<a href=\"http:\/\/astrojeje.com\/index.php\/portfolio\/taches-solaires-07-11-2022_2\/\"\n\t\t\t\t\t>\n\t\t\t<img \n\tsrc=\"http:\/\/astrojeje.com\/wp-content\/uploads\/2023\/01\/07-11-2022_L102-600_ALTAIR_178_continum_astro_solar_turbu_forte-272x182.jpg\" width=\"272\" height=\"182\" sizes=\"auto, (max-width: 272px) 100vw, 272px\" title=\"Taches solaire 07\/11\/2022\" alt=\"\" decoding=\"async\" loading=\"lazy\" \t\tclass=\"so-widget-image\"\/>\n\t\t\t<\/a><\/div>\n\nTaches solaire 07\/11\/2022<\/div>\t\t\t\t<style type=\"text\/css\">.so-widget-sow-image-default-8b5b6f678277 .sow-image-container {\n  display: flex;\n  align-items: flex-start;\n}\n.so-widget-sow-image-default-8b5b6f678277 .sow-image-container > a {\n  display: inline-block;\n  \n  max-width: 100%;\n}\n@media screen and (-ms-high-contrast: active), screen and (-ms-high-contrast: none) {\n  .so-widget-sow-image-default-8b5b6f678277 .sow-image-container > a {\n    display: flex;\n  }\n}\n.so-widget-sow-image-default-8b5b6f678277 .sow-image-container .so-widget-image {\n  display: block;\n  height: auto;\n  max-width: 100%;\n  \n}<\/style>\n\t\t\t\t\n\n<div\n\t\t\t\n\t\t\tclass=\"so-widget-sow-image so-widget-sow-image-default-8b5b6f678277\"\n\t\t\t\n\t\t>\n<div class=\"sow-image-container\">\n\t\t\t<a href=\"http:\/\/astrojeje.com\/index.php\/portfolio\/tache_solaire_04-02-2022\/\"\n\t\t\t\t\t>\n\t\t\t<img \n\tsrc=\"http:\/\/astrojeje.com\/wp-content\/uploads\/2023\/11\/sun_04-02-2022-272x182.jpg\" width=\"272\" height=\"182\" sizes=\"auto, (max-width: 272px) 100vw, 272px\" title=\"Taches solaires 04\/02\/2022\" alt=\"\" decoding=\"async\" loading=\"lazy\" \t\tclass=\"so-widget-image\"\/>\n\t\t\t<\/a><\/div>\n\nTaches solaires 04\/02\/2022<\/div>\t\t\t\t<style type=\"text\/css\">.so-widget-sow-image-default-8b5b6f678277 .sow-image-container {\n  display: flex;\n  align-items: flex-start;\n}\n.so-widget-sow-image-default-8b5b6f678277 .sow-image-container > a {\n  display: inline-block;\n  \n  max-width: 100%;\n}\n@media screen and (-ms-high-contrast: active), screen and (-ms-high-contrast: none) {\n  .so-widget-sow-image-default-8b5b6f678277 .sow-image-container > a {\n    display: flex;\n  }\n}\n.so-widget-sow-image-default-8b5b6f678277 .sow-image-container .so-widget-image {\n  display: block;\n  height: auto;\n  max-width: 100%;\n  \n}<\/style>\n\t\t\t\t\n\n<div\n\t\t\t\n\t\t\tclass=\"so-widget-sow-image so-widget-sow-image-default-8b5b6f678277\"\n\t\t\t\n\t\t>\n<div class=\"sow-image-container\">\n\t\t\t<a href=\"http:\/\/astrojeje.com\/index.php\/portfolio\/taches-solaires-30-04-2007\/\"\n\t\t\t\t\t>\n\t\t\t<img \n\tsrc=\"http:\/\/astrojeje.com\/wp-content\/uploads\/2025\/10\/tache-solaire-le-300407-c8_barlow2x_vestaprocouleur_traitementcouleur-272x182.jpg\" width=\"272\" height=\"182\" sizes=\"auto, (max-width: 272px) 100vw, 272px\" title=\"Taches solaire 30\/04\/2007\" alt=\"\" decoding=\"async\" loading=\"lazy\" \t\tclass=\"so-widget-image\"\/>\n\t\t\t<\/a><\/div>\n\nTaches solaire 30\/04\/2007<\/div>\t\t\t\t<style type=\"text\/css\">.so-widget-sow-image-default-8b5b6f678277 .sow-image-container {\n  display: flex;\n  align-items: flex-start;\n}\n.so-widget-sow-image-default-8b5b6f678277 .sow-image-container > a {\n  display: inline-block;\n  \n  max-width: 100%;\n}\n@media screen and (-ms-high-contrast: active), screen and (-ms-high-contrast: none) {\n  .so-widget-sow-image-default-8b5b6f678277 .sow-image-container > a {\n    display: flex;\n  }\n}\n.so-widget-sow-image-default-8b5b6f678277 .sow-image-container .so-widget-image {\n  display: block;\n  height: auto;\n  max-width: 100%;\n  \n}<\/style>\n\t\t\t\t<\/div>\n\n\n\n<h1 class=\"wp-block-heading\"><em><mark style=\"background-color:rgba(0, 0, 0, 0)\" class=\"has-inline-color has-luminous-vivid-amber-color\">Disque solaire en lumi\u00e8re blanche <\/mark><\/em><\/h1>\n\n\n\n<div class=\"wp-block-group is-nowrap is-layout-flex wp-container-core-group-is-layout-ad2f72ca wp-block-group-is-layout-flex\"><div\n\t\t\t\n\t\t\tclass=\"so-widget-sow-image so-widget-sow-image-default-8b5b6f678277\"\n\t\t\t\n\t\t>\n<div class=\"sow-image-container\">\n\t\t\t<a href=\"http:\/\/astrojeje.com\/wp-content\/uploads\/2025\/12\/continium_01-12-2025.jpg\"\n\t\t\t\t\t>\n\t\t\t<img \n\tsrc=\"http:\/\/astrojeje.com\/wp-content\/uploads\/2025\/12\/continium_01-12-2025-272x182.jpg\" width=\"272\" height=\"182\" sizes=\"auto, (max-width: 272px) 100vw, 272px\" title=\"Disque du soleil 01\/12\/2025\" alt=\"\" decoding=\"async\" loading=\"lazy\" \t\tclass=\"so-widget-image\"\/>\n\t\t\t<\/a><\/div>\n\nDisque du soleil 01\/12\/2025<\/div>\t\t\t\t<style type=\"text\/css\">.so-widget-sow-image-default-8b5b6f678277 .sow-image-container {\n  display: flex;\n  align-items: flex-start;\n}\n.so-widget-sow-image-default-8b5b6f678277 .sow-image-container > a {\n  display: inline-block;\n  \n  max-width: 100%;\n}\n@media screen and (-ms-high-contrast: active), screen and (-ms-high-contrast: none) {\n  .so-widget-sow-image-default-8b5b6f678277 .sow-image-container > a {\n    display: flex;\n  }\n}\n.so-widget-sow-image-default-8b5b6f678277 .sow-image-container .so-widget-image {\n  display: block;\n  height: auto;\n  max-width: 100%;\n  \n}<\/style>\n\t\t\t\t\n\n<div\n\t\t\t\n\t\t\tclass=\"so-widget-sow-image so-widget-sow-image-default-8b5b6f678277\"\n\t\t\t\n\t\t>\n<div class=\"sow-image-container\">\n\t\t\t<a href=\"http:\/\/astrojeje.com\/index.php\/portfolio\/disque-solaire-18-09-2025\/\"\n\t\t\t\t\t>\n\t\t\t<img \n\tsrc=\"http:\/\/astrojeje.com\/wp-content\/uploads\/2025\/10\/continium_18-09-2025-272x182.jpg\" width=\"272\" height=\"182\" sizes=\"auto, (max-width: 272px) 100vw, 272px\" title=\"Disque du soleil 18\/09\/2025\" alt=\"\" decoding=\"async\" loading=\"lazy\" \t\tclass=\"so-widget-image\"\/>\n\t\t\t<\/a><\/div>\n\nDisque du soleil 18\/09\/2025<\/div>\t\t\t\t<style type=\"text\/css\">.so-widget-sow-image-default-8b5b6f678277 .sow-image-container {\n  display: flex;\n  align-items: flex-start;\n}\n.so-widget-sow-image-default-8b5b6f678277 .sow-image-container > a {\n  display: inline-block;\n  \n  max-width: 100%;\n}\n@media screen and (-ms-high-contrast: active), screen and (-ms-high-contrast: none) {\n  .so-widget-sow-image-default-8b5b6f678277 .sow-image-container > a {\n    display: flex;\n  }\n}\n.so-widget-sow-image-default-8b5b6f678277 .sow-image-container .so-widget-image {\n  display: block;\n  height: auto;\n  max-width: 100%;\n  \n}<\/style>\n\t\t\t\t\n\n<div\n\t\t\t\n\t\t\tclass=\"so-widget-sow-image so-widget-sow-image-default-8b5b6f678277\"\n\t\t\t\n\t\t>\n<div class=\"sow-image-container\">\n\t\t\t<a href=\"http:\/\/astrojeje.com\/index.php\/portfolio\/disque-solaire-07-11-2022\/\"\n\t\t\t\t\t>\n\t\t\t<img \n\tsrc=\"http:\/\/astrojeje.com\/wp-content\/uploads\/2023\/01\/07-11-2022_L102-600_ALTAIR_224_0.5x_astro_solar_turbu_forte_disque-272x182.jpg\" width=\"272\" height=\"182\" sizes=\"auto, (max-width: 272px) 100vw, 272px\" title=\"Disque du soleil 07\/11\/2022\" alt=\"\" decoding=\"async\" loading=\"lazy\" \t\tclass=\"so-widget-image\"\/>\n\t\t\t<\/a><\/div>\n\nDisque du soleil 07\/11\/2022<\/div>\t\t\t\t<style type=\"text\/css\">.so-widget-sow-image-default-8b5b6f678277 .sow-image-container {\n  display: flex;\n  align-items: flex-start;\n}\n.so-widget-sow-image-default-8b5b6f678277 .sow-image-container > a {\n  display: inline-block;\n  \n  max-width: 100%;\n}\n@media screen and (-ms-high-contrast: active), screen and (-ms-high-contrast: none) {\n  .so-widget-sow-image-default-8b5b6f678277 .sow-image-container > a {\n    display: flex;\n  }\n}\n.so-widget-sow-image-default-8b5b6f678277 .sow-image-container .so-widget-image {\n  display: block;\n  height: auto;\n  max-width: 100%;\n  \n}<\/style>\n\t\t\t\t<\/div><div class=\"wp-block-group is-nowrap is-layout-flex wp-container-core-group-is-layout-ad2f72ca wp-block-group-is-layout-flex\"><\/div><div class=\"wp-block-group is-nowrap is-layout-flex wp-container-core-group-is-layout-ad2f72ca wp-block-group-is-layout-flex\"><\/div>\n\n\n\n<h1 class=\"wp-block-heading\"><em><mark style=\"background-color:rgba(0, 0, 0, 0)\" class=\"has-inline-color has-luminous-vivid-amber-color\"><font dir=\"auto\" style=\"vertical-align: inherit;\"><font dir=\"auto\" style=\"vertical-align: inherit;\"><font dir=\"auto\" style=\"vertical-align: inherit;\"><font dir=\"auto\" style=\"vertical-align: inherit;\">Disque solaire \u00e0 hydrog\u00e8ne (h-alpha)<\/font><\/font><\/font><\/font><\/mark><\/em><\/h1>\n\n\n\n<div class=\"wp-block-group is-nowrap is-layout-flex wp-container-core-group-is-layout-ad2f72ca wp-block-group-is-layout-flex\"><div\n\t\t\t\n\t\t\tclass=\"so-widget-sow-image so-widget-sow-image-default-8b5b6f678277\"\n\t\t\t\n\t\t>\n<div class=\"sow-image-container\">\n\t\t\t<a href=\"http:\/\/astrojeje.com\/index.php\/portfolio\/disque-solaire-et-protuberances-19-09-2025\/\"\n\t\t\ttarget=\"_blank\" rel=\"noopener noreferrer\" \t\t>\n\t\t\t<img \n\tsrc=\"http:\/\/astrojeje.com\/wp-content\/uploads\/2025\/10\/sun_19-09-2025-300x202.jpg\" width=\"300\" height=\"202\" srcset=\"http:\/\/astrojeje.com\/wp-content\/uploads\/2025\/10\/sun_19-09-2025-300x202.jpg 300w, http:\/\/astrojeje.com\/wp-content\/uploads\/2025\/10\/sun_19-09-2025-1024x690.jpg 1024w, http:\/\/astrojeje.com\/wp-content\/uploads\/2025\/10\/sun_19-09-2025-768x517.jpg 768w, http:\/\/astrojeje.com\/wp-content\/uploads\/2025\/10\/sun_19-09-2025-1536x1035.jpg 1536w, http:\/\/astrojeje.com\/wp-content\/uploads\/2025\/10\/sun_19-09-2025-2048x1380.jpg 2048w, http:\/\/astrojeje.com\/wp-content\/uploads\/2025\/10\/sun_19-09-2025-272x182.jpg 272w\" sizes=\"auto, (max-width: 300px) 100vw, 300px\" title=\"Disque et protub\u00e9rances 19\/09\/2025\" alt=\"\" decoding=\"async\" loading=\"lazy\" \t\tclass=\"so-widget-image\"\/>\n\t\t\t<\/a><\/div>\n\nDisque et protub\u00e9rances 19\/09\/2025<\/div>\t\t\t\t<style type=\"text\/css\">.so-widget-sow-image-default-8b5b6f678277 .sow-image-container {\n  display: flex;\n  align-items: flex-start;\n}\n.so-widget-sow-image-default-8b5b6f678277 .sow-image-container > a {\n  display: inline-block;\n  \n  max-width: 100%;\n}\n@media screen and (-ms-high-contrast: active), screen and (-ms-high-contrast: none) {\n  .so-widget-sow-image-default-8b5b6f678277 .sow-image-container > a {\n    display: flex;\n  }\n}\n.so-widget-sow-image-default-8b5b6f678277 .sow-image-container .so-widget-image {\n  display: block;\n  height: auto;\n  max-width: 100%;\n  \n}<\/style>\n\t\t\t\t\n\n<div\n\t\t\t\n\t\t\tclass=\"so-widget-sow-image so-widget-sow-image-default-8b5b6f678277\"\n\t\t\t\n\t\t>\n<div class=\"sow-image-container\">\n\t\t\t<a href=\"http:\/\/astrojeje.com\/index.php\/portfolio\/disque-solaire-et-protuberances-18-09-2025\/\"\n\t\t\ttarget=\"_blank\" rel=\"noopener noreferrer\" \t\t>\n\t\t\t<img \n\tsrc=\"http:\/\/astrojeje.com\/wp-content\/uploads\/2025\/10\/sun_18-09-2025-300x202.jpg\" width=\"300\" height=\"202\" srcset=\"http:\/\/astrojeje.com\/wp-content\/uploads\/2025\/10\/sun_18-09-2025-300x202.jpg 300w, http:\/\/astrojeje.com\/wp-content\/uploads\/2025\/10\/sun_18-09-2025-1024x690.jpg 1024w, http:\/\/astrojeje.com\/wp-content\/uploads\/2025\/10\/sun_18-09-2025-768x517.jpg 768w, http:\/\/astrojeje.com\/wp-content\/uploads\/2025\/10\/sun_18-09-2025-1536x1035.jpg 1536w, http:\/\/astrojeje.com\/wp-content\/uploads\/2025\/10\/sun_18-09-2025-2048x1380.jpg 2048w, http:\/\/astrojeje.com\/wp-content\/uploads\/2025\/10\/sun_18-09-2025-272x182.jpg 272w\" sizes=\"auto, (max-width: 300px) 100vw, 300px\" title=\"Disque et protub\u00e9rances 18\/09\/2025\" alt=\"\" decoding=\"async\" loading=\"lazy\" \t\tclass=\"so-widget-image\"\/>\n\t\t\t<\/a><\/div>\n\nDisque et protub\u00e9rances 18\/09\/2025<\/div>\t\t\t\t<style type=\"text\/css\">.so-widget-sow-image-default-8b5b6f678277 .sow-image-container {\n  display: flex;\n  align-items: flex-start;\n}\n.so-widget-sow-image-default-8b5b6f678277 .sow-image-container > a {\n  display: inline-block;\n  \n  max-width: 100%;\n}\n@media screen and (-ms-high-contrast: active), screen and (-ms-high-contrast: none) {\n  .so-widget-sow-image-default-8b5b6f678277 .sow-image-container > a {\n    display: flex;\n  }\n}\n.so-widget-sow-image-default-8b5b6f678277 .sow-image-container .so-widget-image {\n  display: block;\n  height: auto;\n  max-width: 100%;\n  \n}<\/style>\n\t\t\t\t\n\n<div\n\t\t\t\n\t\t\tclass=\"so-widget-sow-image so-widget-sow-image-default-8b5b6f678277\"\n\t\t\t\n\t\t>\n<div class=\"sow-image-container\">\n\t\t\t<a href=\"http:\/\/astrojeje.com\/index.php\/portfolio\/disque-du-soleil-en-h-alpha-21-10-2024\/\"\n\t\t\ttarget=\"_blank\" rel=\"noopener noreferrer\" \t\t>\n\t\t\t<img \n\tsrc=\"http:\/\/astrojeje.com\/wp-content\/uploads\/2025\/10\/21-10-2024_coro-40_15h00TL_Altair_178M3_chromo_protu-300x201.jpg\" width=\"300\" height=\"201\" srcset=\"http:\/\/astrojeje.com\/wp-content\/uploads\/2025\/10\/21-10-2024_coro-40_15h00TL_Altair_178M3_chromo_protu-300x201.jpg 300w, http:\/\/astrojeje.com\/wp-content\/uploads\/2025\/10\/21-10-2024_coro-40_15h00TL_Altair_178M3_chromo_protu-1024x685.jpg 1024w, http:\/\/astrojeje.com\/wp-content\/uploads\/2025\/10\/21-10-2024_coro-40_15h00TL_Altair_178M3_chromo_protu-768x514.jpg 768w, http:\/\/astrojeje.com\/wp-content\/uploads\/2025\/10\/21-10-2024_coro-40_15h00TL_Altair_178M3_chromo_protu-272x182.jpg 272w, http:\/\/astrojeje.com\/wp-content\/uploads\/2025\/10\/21-10-2024_coro-40_15h00TL_Altair_178M3_chromo_protu.jpg 1512w\" sizes=\"auto, (max-width: 300px) 100vw, 300px\" title=\"Disque en h-alpha 21\/10\/2024\" alt=\"\" decoding=\"async\" loading=\"lazy\" \t\tclass=\"so-widget-image\"\/>\n\t\t\t<\/a><\/div>\n\nDisque en h-alpha 21\/10\/2024<\/div>\t\t\t\t<style type=\"text\/css\">.so-widget-sow-image-default-8b5b6f678277 .sow-image-container {\n  display: flex;\n  align-items: flex-start;\n}\n.so-widget-sow-image-default-8b5b6f678277 .sow-image-container > a {\n  display: inline-block;\n  \n  max-width: 100%;\n}\n@media screen and (-ms-high-contrast: active), screen and (-ms-high-contrast: none) {\n  .so-widget-sow-image-default-8b5b6f678277 .sow-image-container > a {\n    display: flex;\n  }\n}\n.so-widget-sow-image-default-8b5b6f678277 .sow-image-container .so-widget-image {\n  display: block;\n  height: auto;\n  max-width: 100%;\n  \n}<\/style>\n\t\t\t\t<\/div><div class=\"wp-block-group is-nowrap is-layout-flex wp-container-core-group-is-layout-ad2f72ca wp-block-group-is-layout-flex\"><div\n\t\t\t\n\t\t\tclass=\"so-widget-sow-image so-widget-sow-image-default-8b5b6f678277\"\n\t\t\t\n\t\t>\n<div class=\"sow-image-container\">\n\t\t\t<a href=\"http:\/\/astrojeje.com\/index.php\/portfolio\/disque-du-soleil-en-h-alpha-09-04-2026\/\"\n\t\t\ttarget=\"_blank\" rel=\"noopener noreferrer\" \t\t>\n\t\t\t<img \n\tsrc=\"http:\/\/astrojeje.com\/wp-content\/uploads\/2026\/04\/9-04-2026_sun_h-alpha-coro-40_titre-300x266.jpg\" width=\"300\" height=\"266\" srcset=\"http:\/\/astrojeje.com\/wp-content\/uploads\/2026\/04\/9-04-2026_sun_h-alpha-coro-40_titre-300x266.jpg 300w, http:\/\/astrojeje.com\/wp-content\/uploads\/2026\/04\/9-04-2026_sun_h-alpha-coro-40_titre-1024x907.jpg 1024w, http:\/\/astrojeje.com\/wp-content\/uploads\/2026\/04\/9-04-2026_sun_h-alpha-coro-40_titre-768x681.jpg 768w, http:\/\/astrojeje.com\/wp-content\/uploads\/2026\/04\/9-04-2026_sun_h-alpha-coro-40_titre-1536x1361.jpg 1536w, http:\/\/astrojeje.com\/wp-content\/uploads\/2026\/04\/9-04-2026_sun_h-alpha-coro-40_titre.jpg 1896w\" sizes=\"auto, (max-width: 300px) 100vw, 300px\" title=\"Disque h-alpha 09\/04\/2026\" alt=\"\" decoding=\"async\" loading=\"lazy\" \t\tclass=\"so-widget-image\"\/>\n\t\t\t<\/a><\/div>\n\nDisque h-alpha 09\/04\/2026<\/div>\t\t\t\t<style type=\"text\/css\">.so-widget-sow-image-default-8b5b6f678277 .sow-image-container {\n  display: flex;\n  align-items: flex-start;\n}\n.so-widget-sow-image-default-8b5b6f678277 .sow-image-container > a {\n  display: inline-block;\n  \n  max-width: 100%;\n}\n@media screen and (-ms-high-contrast: active), screen and (-ms-high-contrast: none) {\n  .so-widget-sow-image-default-8b5b6f678277 .sow-image-container > a {\n    display: flex;\n  }\n}\n.so-widget-sow-image-default-8b5b6f678277 .sow-image-container .so-widget-image {\n  display: block;\n  height: auto;\n  max-width: 100%;\n  \n}<\/style>\n\t\t\t\t\n\n<div\n\t\t\t\n\t\t\tclass=\"so-widget-sow-image so-widget-sow-image-default-8b5b6f678277\"\n\t\t\t\n\t\t>\n<div class=\"sow-image-container\">\n\t\t\t<a href=\"http:\/\/astrojeje.com\/index.php\/portfolio\/disque-du-soleil-en-h-alpha-14-04-2026\/\"\n\t\t\ttarget=\"_blank\" rel=\"noopener noreferrer\" \t\t>\n\t\t\t<img \n\tsrc=\"http:\/\/astrojeje.com\/wp-content\/uploads\/2026\/04\/14-04-2026_sun_h-alpha-coro-40-300x266.jpg\" width=\"300\" height=\"266\" srcset=\"http:\/\/astrojeje.com\/wp-content\/uploads\/2026\/04\/14-04-2026_sun_h-alpha-coro-40-300x266.jpg 300w, http:\/\/astrojeje.com\/wp-content\/uploads\/2026\/04\/14-04-2026_sun_h-alpha-coro-40-1024x907.jpg 1024w, http:\/\/astrojeje.com\/wp-content\/uploads\/2026\/04\/14-04-2026_sun_h-alpha-coro-40-768x681.jpg 768w, http:\/\/astrojeje.com\/wp-content\/uploads\/2026\/04\/14-04-2026_sun_h-alpha-coro-40-1536x1361.jpg 1536w, http:\/\/astrojeje.com\/wp-content\/uploads\/2026\/04\/14-04-2026_sun_h-alpha-coro-40.jpg 1896w\" sizes=\"auto, (max-width: 300px) 100vw, 300px\" title=\"Disque h-alpha 14\/04\/2026\" alt=\"\" decoding=\"async\" loading=\"lazy\" \t\tclass=\"so-widget-image\"\/>\n\t\t\t<\/a><\/div>\n\nDisque h-alpha 14\/04\/2026<\/div>\t\t\t\t<style type=\"text\/css\">.so-widget-sow-image-default-8b5b6f678277 .sow-image-container {\n  display: flex;\n  align-items: flex-start;\n}\n.so-widget-sow-image-default-8b5b6f678277 .sow-image-container > a {\n  display: inline-block;\n  \n  max-width: 100%;\n}\n@media screen and (-ms-high-contrast: active), screen and (-ms-high-contrast: none) {\n  .so-widget-sow-image-default-8b5b6f678277 .sow-image-container > a {\n    display: flex;\n  }\n}\n.so-widget-sow-image-default-8b5b6f678277 .sow-image-container .so-widget-image {\n  display: block;\n  height: auto;\n  max-width: 100%;\n  \n}<\/style>\n\t\t\t\t<\/div>\n\n\n\n<h1 class=\"wp-block-heading\"><em><mark style=\"background-color:rgba(0, 0, 0, 0)\" class=\"has-inline-color has-luminous-vivid-amber-color\"><font dir=\"auto\" style=\"vertical-align: inherit;\"><font dir=\"auto\" style=\"vertical-align: inherit;\"><font dir=\"auto\" style=\"vertical-align: inherit;\"><font dir=\"auto\" style=\"vertical-align: inherit;\"><font dir=\"auto\" style=\"vertical-align: inherit;\"><font dir=\"auto\" style=\"vertical-align: inherit;\">Disque solaire avec protub\u00e9rances<\/font><\/font><\/font><\/font><\/font><\/font><\/mark><\/em><\/h1>\n\n\n<div\n\t\t\t\n\t\t\tclass=\"so-widget-sow-image so-widget-sow-image-default-8b5b6f678277\"\n\t\t\t\n\t\t>\n<div class=\"sow-image-container\">\n\t\t\t<a href=\"http:\/\/astrojeje.com\/index.php\/portfolio\/protuberances-coronado-de-40-mm-14-04-2026\/\"\n\t\t\ttarget=\"_blank\" rel=\"noopener noreferrer\" \t\t>\n\t\t\t<img \n\tsrc=\"http:\/\/astrojeje.com\/wp-content\/uploads\/2026\/04\/14-04-2026_protuberance_coro_40-300x281.jpg\" width=\"300\" height=\"281\" srcset=\"http:\/\/astrojeje.com\/wp-content\/uploads\/2026\/04\/14-04-2026_protuberance_coro_40-300x281.jpg 300w, http:\/\/astrojeje.com\/wp-content\/uploads\/2026\/04\/14-04-2026_protuberance_coro_40-1024x959.jpg 1024w, http:\/\/astrojeje.com\/wp-content\/uploads\/2026\/04\/14-04-2026_protuberance_coro_40-768x720.jpg 768w, http:\/\/astrojeje.com\/wp-content\/uploads\/2026\/04\/14-04-2026_protuberance_coro_40-1536x1439.jpg 1536w, http:\/\/astrojeje.com\/wp-content\/uploads\/2026\/04\/14-04-2026_protuberance_coro_40.jpg 1904w\" sizes=\"auto, (max-width: 300px) 100vw, 300px\" title=\"Protub\u00e9rances Coronado de 40 mm \" alt=\"\" decoding=\"async\" loading=\"lazy\" \t\tclass=\"so-widget-image\"\/>\n\t\t\t<\/a><\/div>\n\nProtub\u00e9rances Coronado de 40 mm <\/div>\t\t\t\t<style type=\"text\/css\">.so-widget-sow-image-default-8b5b6f678277 .sow-image-container {\n  display: flex;\n  align-items: flex-start;\n}\n.so-widget-sow-image-default-8b5b6f678277 .sow-image-container > a {\n  display: inline-block;\n  \n  max-width: 100%;\n}\n@media screen and (-ms-high-contrast: active), screen and (-ms-high-contrast: none) {\n  .so-widget-sow-image-default-8b5b6f678277 .sow-image-container > a {\n    display: flex;\n  }\n}\n.so-widget-sow-image-default-8b5b6f678277 .sow-image-container .so-widget-image {\n  display: block;\n  height: auto;\n  max-width: 100%;\n  \n}<\/style>\n\t\t\t\t\n\n\n<h1 class=\"wp-block-heading\"><em><mark style=\"background-color:rgba(0, 0, 0, 0)\" class=\"has-inline-color has-luminous-vivid-amber-color\"><font dir=\"auto\" style=\"vertical-align: inherit;\"><font dir=\"auto\" style=\"vertical-align: inherit;\"><font dir=\"auto\" style=\"vertical-align: inherit;\"><font dir=\"auto\" style=\"vertical-align: inherit;\"><font dir=\"auto\" style=\"vertical-align: inherit;\"><font dir=\"auto\" style=\"vertical-align: inherit;\">Protub\u00e9rances<\/font><\/font><\/font><\/font><\/font><\/font><\/mark><\/em><\/h1>\n\n\n<div\n\t\t\t\n\t\t\tclass=\"so-widget-sow-image so-widget-sow-image-default-8b5b6f678277\"\n\t\t\t\n\t\t>\n<div class=\"sow-image-container\">\n\t\t\t<a href=\"http:\/\/astrojeje.com\/index.php\/portfolio\/protuberances-coronado-de-40-mm-14-04-2026-2\/\"\n\t\t\ttarget=\"_blank\" rel=\"noopener noreferrer\" \t\t>\n\t\t\t<img \n\tsrc=\"http:\/\/astrojeje.com\/wp-content\/uploads\/2026\/04\/14-04-2026_8h30-protuberance_coro_40-300x197.jpg\" width=\"300\" height=\"197\" srcset=\"http:\/\/astrojeje.com\/wp-content\/uploads\/2026\/04\/14-04-2026_8h30-protuberance_coro_40-300x197.jpg 300w, http:\/\/astrojeje.com\/wp-content\/uploads\/2026\/04\/14-04-2026_8h30-protuberance_coro_40.jpg 560w\" sizes=\"auto, (max-width: 300px) 100vw, 300px\" title=\"Protub\u00e9rances Coronado de 40 mm \" alt=\"\" decoding=\"async\" loading=\"lazy\" \t\tclass=\"so-widget-image\"\/>\n\t\t\t<\/a><\/div>\n\nProtub\u00e9rances Coronado de 40 mm <\/div>\t\t\t\t<style type=\"text\/css\">.so-widget-sow-image-default-8b5b6f678277 .sow-image-container {\n  display: flex;\n  align-items: flex-start;\n}\n.so-widget-sow-image-default-8b5b6f678277 .sow-image-container > a {\n  display: inline-block;\n  \n  max-width: 100%;\n}\n@media screen and (-ms-high-contrast: active), screen and (-ms-high-contrast: none) {\n  .so-widget-sow-image-default-8b5b6f678277 .sow-image-container > a {\n    display: flex;\n  }\n}\n.so-widget-sow-image-default-8b5b6f678277 .sow-image-container .so-widget-image {\n  display: block;\n  height: auto;\n  max-width: 100%;\n  \n}<\/style>\n\t\t\t\t","protected":false},"excerpt":{"rendered":"<p>Taches solaire en lumi\u00e8re blanche Taches solaires 03\/05\/2025 Taches solaires 25\/05\/2023 Taches solaire 07\/11\/2022 Taches solaires 04\/02\/2022 Taches solaire 30\/04\/2007 Disque solaire en lumi\u00e8re blanche Disque du soleil 01\/12\/2025 Disque du soleil 18\/09\/2025 Disque du soleil 07\/11\/2022 Disque solaire \u00e0 hydrog\u00e8ne (h-alpha) Disque et protub\u00e9rances 19\/09\/2025 Disque et protub\u00e9rances 18\/09\/2025 Disque en h-alpha 21\/10\/2024 Disque&#8230; <\/p>\n<div class=\"read-more navbutton\"><a href=\"http:\/\/astrojeje.com\/index.php\/le-soleil\/\">Read More<i class=\"fa fa-angle-double-right\"><\/i><\/a><\/div>\n","protected":false},"author":1,"featured_media":0,"parent":0,"menu_order":0,"comment_status":"closed","ping_status":"closed","template":"","meta":{"footnotes":""},"class_list":["post-4450","page","type-page","status-publish","hentry"],"_links":{"self":[{"href":"http:\/\/astrojeje.com\/index.php\/wp-json\/wp\/v2\/pages\/4450","targetHints":{"allow":["GET"]}}],"collection":[{"href":"http:\/\/astrojeje.com\/index.php\/wp-json\/wp\/v2\/pages"}],"about":[{"href":"http:\/\/astrojeje.com\/index.php\/wp-json\/wp\/v2\/types\/page"}],"author":[{"embeddable":true,"href":"http:\/\/astrojeje.com\/index.php\/wp-json\/wp\/v2\/users\/1"}],"replies":[{"embeddable":true,"href":"http:\/\/astrojeje.com\/index.php\/wp-json\/wp\/v2\/comments?post=4450"}],"version-history":[{"count":60,"href":"http:\/\/astrojeje.com\/index.php\/wp-json\/wp\/v2\/pages\/4450\/revisions"}],"predecessor-version":[{"id":4731,"href":"http:\/\/astrojeje.com\/index.php\/wp-json\/wp\/v2\/pages\/4450\/revisions\/4731"}],"wp:attachment":[{"href":"http:\/\/astrojeje.com\/index.php\/wp-json\/wp\/v2\/media?parent=4450"}],"curies":[{"name":"wp","href":"https:\/\/api.w.org\/{rel}","templated":true}]}}