{"id":4443,"date":"2025-09-21T11:27:21","date_gmt":"2025-09-21T10:27:21","guid":{"rendered":"http:\/\/astrojeje.com\/?page_id=4443"},"modified":"2026-04-12T22:55:21","modified_gmt":"2026-04-12T21:55:21","slug":"galerie-des-images-planetaires","status":"publish","type":"page","link":"http:\/\/astrojeje.com\/index.php\/galerie-des-images-planetaires\/","title":{"rendered":"GALERIE DES IMAGES PLAN\u00c9TAIRES (en construction)"},"content":{"rendered":"\n<p>Nous vous invitons \u00e0 d\u00e9couvrir nos images du syst\u00e8me solaire, du soleil, des plan\u00e8tes \u00e0 la Lune. Des acquisitions avec diff\u00e9rents instruments : Lunette de 80 mm, t\u00e9lescope de 114 mm et 400 mm. Bonne visite.<\/p>\n\n\n\n<div class=\"wp-block-group is-nowrap is-layout-flex wp-container-core-group-is-layout-ad2f72ca wp-block-group-is-layout-flex\"><div\n\t\t\t\n\t\t\tclass=\"so-widget-sow-image so-widget-sow-image-default-8b5b6f678277\"\n\t\t\t\n\t\t>\n<div class=\"sow-image-container\">\n\t\t\t<a href=\"http:\/\/astrojeje.com\/index.php\/le-soleil\/\"\n\t\t\t\t\t>\n\t\t\t<img \n\tsrc=\"http:\/\/astrojeje.com\/wp-content\/uploads\/2026\/04\/9-04-2026_sun_h-alpha-coro-40_titre-150x150.jpg\" width=\"150\" height=\"150\" sizes=\"auto, (max-width: 150px) 100vw, 150px\" title=\"SOLEIL\" alt=\"\" decoding=\"async\" loading=\"lazy\" \t\tclass=\"so-widget-image\"\/>\n\t\t\t<\/a><\/div>\n\nSOLEIL<\/div>\t\t\t\t<style type=\"text\/css\">.so-widget-sow-image-default-8b5b6f678277 .sow-image-container {\n  display: flex;\n  align-items: flex-start;\n}\n.so-widget-sow-image-default-8b5b6f678277 .sow-image-container > a {\n  display: inline-block;\n  \n  max-width: 100%;\n}\n@media screen and (-ms-high-contrast: active), screen and (-ms-high-contrast: none) {\n  .so-widget-sow-image-default-8b5b6f678277 .sow-image-container > a {\n    display: flex;\n  }\n}\n.so-widget-sow-image-default-8b5b6f678277 .sow-image-container .so-widget-image {\n  display: block;\n  height: auto;\n  max-width: 100%;\n  \n}<\/style>\n\t\t\t\t\n\n<div\n\t\t\t\n\t\t\tclass=\"so-widget-sow-image so-widget-sow-image-default-8b5b6f678277\"\n\t\t\t\n\t\t>\n<div class=\"sow-image-container\">\n\t\t<img \n\tsrc=\"http:\/\/astrojeje.com\/wp-content\/uploads\/2026\/04\/JUPITER-150x150.jpg\" width=\"150\" height=\"150\" sizes=\"auto, (max-width: 150px) 100vw, 150px\" title=\"JUPITER\" alt=\"\" decoding=\"async\" loading=\"lazy\" \t\tclass=\"so-widget-image\"\/>\n\t<\/div>\n\nJUPITER<\/div>\t\t\t\t<style type=\"text\/css\">.so-widget-sow-image-default-8b5b6f678277 .sow-image-container {\n  display: flex;\n  align-items: flex-start;\n}\n.so-widget-sow-image-default-8b5b6f678277 .sow-image-container > a {\n  display: inline-block;\n  \n  max-width: 100%;\n}\n@media screen and (-ms-high-contrast: active), screen and (-ms-high-contrast: none) {\n  .so-widget-sow-image-default-8b5b6f678277 .sow-image-container > a {\n    display: flex;\n  }\n}\n.so-widget-sow-image-default-8b5b6f678277 .sow-image-container .so-widget-image {\n  display: block;\n  height: auto;\n  max-width: 100%;\n  \n}<\/style>\n\t\t\t\t<\/div>\n","protected":false},"excerpt":{"rendered":"<p>Nous vous invitons \u00e0 d\u00e9couvrir nos images du syst\u00e8me solaire, du soleil, des plan\u00e8tes \u00e0 la Lune. Des acquisitions avec diff\u00e9rents instruments : Lunette de 80 mm, t\u00e9lescope de 114 mm et 400 mm. Bonne visite. SOLEIL JUPITER<\/p>\n","protected":false},"author":1,"featured_media":0,"parent":0,"menu_order":0,"comment_status":"closed","ping_status":"closed","template":"","meta":{"footnotes":""},"class_list":["post-4443","page","type-page","status-publish","hentry"],"_links":{"self":[{"href":"http:\/\/astrojeje.com\/index.php\/wp-json\/wp\/v2\/pages\/4443","targetHints":{"allow":["GET"]}}],"collection":[{"href":"http:\/\/astrojeje.com\/index.php\/wp-json\/wp\/v2\/pages"}],"about":[{"href":"http:\/\/astrojeje.com\/index.php\/wp-json\/wp\/v2\/types\/page"}],"author":[{"embeddable":true,"href":"http:\/\/astrojeje.com\/index.php\/wp-json\/wp\/v2\/users\/1"}],"replies":[{"embeddable":true,"href":"http:\/\/astrojeje.com\/index.php\/wp-json\/wp\/v2\/comments?post=4443"}],"version-history":[{"count":5,"href":"http:\/\/astrojeje.com\/index.php\/wp-json\/wp\/v2\/pages\/4443\/revisions"}],"predecessor-version":[{"id":4710,"href":"http:\/\/astrojeje.com\/index.php\/wp-json\/wp\/v2\/pages\/4443\/revisions\/4710"}],"wp:attachment":[{"href":"http:\/\/astrojeje.com\/index.php\/wp-json\/wp\/v2\/media?parent=4443"}],"curies":[{"name":"wp","href":"https:\/\/api.w.org\/{rel}","templated":true}]}}