{"id":4041,"date":"2025-09-04T17:07:05","date_gmt":"2025-09-04T16:07:05","guid":{"rendered":"http:\/\/astrojeje.com\/?page_id=4041"},"modified":"2025-11-06T22:24:32","modified_gmt":"2025-11-06T21:24:32","slug":"galerie-des-images","status":"publish","type":"page","link":"http:\/\/astrojeje.com\/index.php\/galerie-des-images\/","title":{"rendered":"GALERIE DES IMAGES DU CIEL PROFOND"},"content":{"rendered":"\n<h3 class=\"wp-block-heading\">Nous vous invitons dans un voyage vers les objets les plus extraordinaires de notre univers. Des images r\u00e9alis\u00e9es \u00e0 l&#8217;observatoire Astrojeje et Astrojm. Des mois d&#8217;acquisitions n\u00e9cessaires, pour capter les lumi\u00e8res lointaines et r\u00e9v\u00e9ler la beaut\u00e9 des objets du ciel profond. Les grandes n\u00e9buleuses, les amas d&#8217;\u00e9toiles et les \u00eeles de l&#8217;univers : les galaxies. <\/h3>\n\n\n\n<div class=\"wp-block-group is-nowrap is-layout-flex wp-container-core-group-is-layout-ad2f72ca wp-block-group-is-layout-flex\"><div\n\t\t\t\n\t\t\tclass=\"so-widget-sow-image so-widget-sow-image-default-8b5b6f678277\"\n\t\t\t\n\t\t>\n<div class=\"sow-image-container\">\n\t\t\t<a href=\"http:\/\/astrojeje.com\/index.php\/les-amas-ouverts\/\"\n\t\t\t\t\t>\n\t\t\t<img \n\tsrc=\"http:\/\/astrojeje.com\/wp-content\/uploads\/2020\/03\/m45-150x150.jpg\" width=\"150\" height=\"150\" srcset=\"http:\/\/astrojeje.com\/wp-content\/uploads\/2020\/03\/m45-150x150.jpg 150w, http:\/\/astrojeje.com\/wp-content\/uploads\/2020\/03\/m45-300x300.jpg 300w, http:\/\/astrojeje.com\/wp-content\/uploads\/2020\/03\/m45-768x766.jpg 768w, http:\/\/astrojeje.com\/wp-content\/uploads\/2020\/03\/m45-1024x1022.jpg 1024w\" sizes=\"auto, (max-width: 150px) 100vw, 150px\" title=\"AMAS OUVERTS\" alt=\"\" decoding=\"async\" loading=\"lazy\" \t\tclass=\"so-widget-image\"\/>\n\t\t\t<\/a><\/div>\n\nAMAS OUVERTS<\/div>\t\t\t\t<style type=\"text\/css\">.so-widget-sow-image-default-8b5b6f678277 .sow-image-container {\n  display: flex;\n  align-items: flex-start;\n}\n.so-widget-sow-image-default-8b5b6f678277 .sow-image-container > a {\n  display: inline-block;\n  \n  max-width: 100%;\n}\n@media screen and (-ms-high-contrast: active), screen and (-ms-high-contrast: none) {\n  .so-widget-sow-image-default-8b5b6f678277 .sow-image-container > a {\n    display: flex;\n  }\n}\n.so-widget-sow-image-default-8b5b6f678277 .sow-image-container .so-widget-image {\n  display: block;\n  height: auto;\n  max-width: 100%;\n  \n}<\/style>\n\t\t\t\t\n\n<div\n\t\t\t\n\t\t\tclass=\"so-widget-sow-image so-widget-sow-image-default-8b5b6f678277\"\n\t\t\t\n\t\t>\n<div class=\"sow-image-container\">\n\t\t\t<a href=\"http:\/\/astrojeje.com\/index.php\/amas-globulaire\/\"\n\t\t\t\t\t>\n\t\t\t<img \n\tsrc=\"http:\/\/astrojeje.com\/wp-content\/uploads\/2020\/08\/lrvb_m13_full-150x150.jpg\" width=\"150\" height=\"150\" srcset=\"http:\/\/astrojeje.com\/wp-content\/uploads\/2020\/08\/lrvb_m13_full-150x150.jpg 150w, http:\/\/astrojeje.com\/wp-content\/uploads\/2020\/08\/lrvb_m13_full-300x300.jpg 300w, http:\/\/astrojeje.com\/wp-content\/uploads\/2020\/08\/lrvb_m13_full-768x770.jpg 768w, http:\/\/astrojeje.com\/wp-content\/uploads\/2020\/08\/lrvb_m13_full-1021x1024.jpg 1021w, http:\/\/astrojeje.com\/wp-content\/uploads\/2020\/08\/lrvb_m13_full.jpg 1955w\" sizes=\"auto, (max-width: 150px) 100vw, 150px\" title=\"AMAS GLOBULAIRE\" alt=\"\" decoding=\"async\" loading=\"lazy\" \t\tclass=\"so-widget-image\"\/>\n\t\t\t<\/a><\/div>\n\nAMAS GLOBULAIRE<\/div>\t\t\t\t<style type=\"text\/css\">.so-widget-sow-image-default-8b5b6f678277 .sow-image-container {\n  display: flex;\n  align-items: flex-start;\n}\n.so-widget-sow-image-default-8b5b6f678277 .sow-image-container > a {\n  display: inline-block;\n  \n  max-width: 100%;\n}\n@media screen and (-ms-high-contrast: active), screen and (-ms-high-contrast: none) {\n  .so-widget-sow-image-default-8b5b6f678277 .sow-image-container > a {\n    display: flex;\n  }\n}\n.so-widget-sow-image-default-8b5b6f678277 .sow-image-container .so-widget-image {\n  display: block;\n  height: auto;\n  max-width: 100%;\n  \n}<\/style>\n\t\t\t\t\n\n<div\n\t\t\t\n\t\t\tclass=\"so-widget-sow-image so-widget-sow-image-default-8b5b6f678277\"\n\t\t\t\n\t\t>\n<div class=\"sow-image-container\">\n\t\t\t<a href=\"http:\/\/astrojeje.com\/index.php\/les-nebuleuses-planetaires\/\"\n\t\t\t\t\t>\n\t\t\t<img \n\tsrc=\"http:\/\/astrojeje.com\/wp-content\/uploads\/2022\/09\/ngc_7293_full-150x150.jpg\" width=\"150\" height=\"150\" srcset=\"http:\/\/astrojeje.com\/wp-content\/uploads\/2022\/09\/ngc_7293_full-150x150.jpg 150w, http:\/\/astrojeje.com\/wp-content\/uploads\/2022\/09\/ngc_7293_full-300x300.jpg 300w, http:\/\/astrojeje.com\/wp-content\/uploads\/2022\/09\/ngc_7293_full-768x765.jpg 768w, http:\/\/astrojeje.com\/wp-content\/uploads\/2022\/09\/ngc_7293_full-1024x1020.jpg 1024w, http:\/\/astrojeje.com\/wp-content\/uploads\/2022\/09\/ngc_7293_full.jpg 1990w\" sizes=\"auto, (max-width: 150px) 100vw, 150px\" title=\"NEB. PLAN\u00c9TAIRES\" alt=\"\" decoding=\"async\" loading=\"lazy\" \t\tclass=\"so-widget-image\"\/>\n\t\t\t<\/a><\/div>\n\nNEB. PLAN\u00c9TAIRES<\/div>\t\t\t\t<style type=\"text\/css\">.so-widget-sow-image-default-8b5b6f678277 .sow-image-container {\n  display: flex;\n  align-items: flex-start;\n}\n.so-widget-sow-image-default-8b5b6f678277 .sow-image-container > a {\n  display: inline-block;\n  \n  max-width: 100%;\n}\n@media screen and (-ms-high-contrast: active), screen and (-ms-high-contrast: none) {\n  .so-widget-sow-image-default-8b5b6f678277 .sow-image-container > a {\n    display: flex;\n  }\n}\n.so-widget-sow-image-default-8b5b6f678277 .sow-image-container .so-widget-image {\n  display: block;\n  height: auto;\n  max-width: 100%;\n  \n}<\/style>\n\t\t\t\t\n\n<div\n\t\t\t\n\t\t\tclass=\"so-widget-sow-image so-widget-sow-image-default-8b5b6f678277\"\n\t\t\t\n\t\t>\n<div class=\"sow-image-container\">\n\t\t\t<a href=\"http:\/\/astrojeje.com\/index.php\/les-nebuleuses-obscures\/\"\n\t\t\t\t\t>\n\t\t\t<img \n\tsrc=\"http:\/\/astrojeje.com\/wp-content\/uploads\/2023\/05\/cropped-horse_nebula_t1_img_crop_cheval-2-150x150.jpg\" width=\"150\" height=\"150\" sizes=\"auto, (max-width: 150px) 100vw, 150px\" title=\"NEB. OBSCURES\" alt=\"\" decoding=\"async\" loading=\"lazy\" \t\tclass=\"so-widget-image\"\/>\n\t\t\t<\/a><\/div>\n\nNEB. OBSCURES<\/div>\t\t\t\t<style type=\"text\/css\">.so-widget-sow-image-default-8b5b6f678277 .sow-image-container {\n  display: flex;\n  align-items: flex-start;\n}\n.so-widget-sow-image-default-8b5b6f678277 .sow-image-container > a {\n  display: inline-block;\n  \n  max-width: 100%;\n}\n@media screen and (-ms-high-contrast: active), screen and (-ms-high-contrast: none) {\n  .so-widget-sow-image-default-8b5b6f678277 .sow-image-container > a {\n    display: flex;\n  }\n}\n.so-widget-sow-image-default-8b5b6f678277 .sow-image-container .so-widget-image {\n  display: block;\n  height: auto;\n  max-width: 100%;\n  \n}<\/style>\n\t\t\t\t\n\n<div\n\t\t\t\n\t\t\tclass=\"so-widget-sow-image so-widget-sow-image-default-8b5b6f678277\"\n\t\t\t\n\t\t>\n<div class=\"sow-image-container\">\n\t\t\t<a href=\"http:\/\/astrojeje.com\/index.php\/les-nebuleuses-par-reflexions\/\"\n\t\t\t\t\t>\n\t\t\t<img \n\tsrc=\"http:\/\/astrojeje.com\/wp-content\/uploads\/2025\/02\/ic_1805_full_crop_2-150x150.jpg\" width=\"150\" height=\"150\" sizes=\"auto, (max-width: 150px) 100vw, 150px\" title=\"NEBULEUSES\" alt=\"\" decoding=\"async\" loading=\"lazy\" \t\tclass=\"so-widget-image\"\/>\n\t\t\t<\/a><\/div>\n\nNEBULEUSES<\/div>\t\t\t\t<style type=\"text\/css\">.so-widget-sow-image-default-8b5b6f678277 .sow-image-container {\n  display: flex;\n  align-items: flex-start;\n}\n.so-widget-sow-image-default-8b5b6f678277 .sow-image-container > a {\n  display: inline-block;\n  \n  max-width: 100%;\n}\n@media screen and (-ms-high-contrast: active), screen and (-ms-high-contrast: none) {\n  .so-widget-sow-image-default-8b5b6f678277 .sow-image-container > a {\n    display: flex;\n  }\n}\n.so-widget-sow-image-default-8b5b6f678277 .sow-image-container .so-widget-image {\n  display: block;\n  height: auto;\n  max-width: 100%;\n  \n}<\/style>\n\t\t\t\t\n\n<div\n\t\t\t\n\t\t\tclass=\"so-widget-sow-image so-widget-sow-image-default-8b5b6f678277\"\n\t\t\t\n\t\t>\n<div class=\"sow-image-container\">\n\t\t\t<a href=\"http:\/\/astrojeje.com\/index.php\/les-remanents-de-supernova\/\"\n\t\t\t\t\t>\n\t\t\t<img \n\tsrc=\"http:\/\/astrojeje.com\/wp-content\/uploads\/2025\/09\/traitement_m1_crop100-150x150.jpg\" width=\"150\" height=\"150\" sizes=\"auto, (max-width: 150px) 100vw, 150px\" title=\"R\u00c9MANENTS \" alt=\"\" decoding=\"async\" loading=\"lazy\" \t\tclass=\"so-widget-image\"\/>\n\t\t\t<\/a><\/div>\n\nR\u00c9MANENTS <\/div>\t\t\t\t<style type=\"text\/css\">.so-widget-sow-image-default-8b5b6f678277 .sow-image-container {\n  display: flex;\n  align-items: flex-start;\n}\n.so-widget-sow-image-default-8b5b6f678277 .sow-image-container > a {\n  display: inline-block;\n  \n  max-width: 100%;\n}\n@media screen and (-ms-high-contrast: active), screen and (-ms-high-contrast: none) {\n  .so-widget-sow-image-default-8b5b6f678277 .sow-image-container > a {\n    display: flex;\n  }\n}\n.so-widget-sow-image-default-8b5b6f678277 .sow-image-container .so-widget-image {\n  display: block;\n  height: auto;\n  max-width: 100%;\n  \n}<\/style>\n\t\t\t\t\n\n<div\n\t\t\t\n\t\t\tclass=\"so-widget-sow-image so-widget-sow-image-default-8b5b6f678277\"\n\t\t\t\n\t\t>\n<div class=\"sow-image-container\">\n\t\t\t<a href=\"http:\/\/astrojeje.com\/index.php\/les-galaxies\/\"\n\t\t\t\t\t>\n\t\t\t<img \n\tsrc=\"http:\/\/astrojeje.com\/wp-content\/uploads\/2025\/10\/ngc_891_lrvb_final_crop-150x150.jpg\" width=\"150\" height=\"150\" sizes=\"auto, (max-width: 150px) 100vw, 150px\" title=\"GALAXIES\" alt=\"\" decoding=\"async\" loading=\"lazy\" \t\tclass=\"so-widget-image\"\/>\n\t\t\t<\/a><\/div>\n\nGALAXIES<\/div>\t\t\t\t<style type=\"text\/css\">.so-widget-sow-image-default-8b5b6f678277 .sow-image-container {\n  display: flex;\n  align-items: flex-start;\n}\n.so-widget-sow-image-default-8b5b6f678277 .sow-image-container > a {\n  display: inline-block;\n  \n  max-width: 100%;\n}\n@media screen and (-ms-high-contrast: active), screen and (-ms-high-contrast: none) {\n  .so-widget-sow-image-default-8b5b6f678277 .sow-image-container > a {\n    display: flex;\n  }\n}\n.so-widget-sow-image-default-8b5b6f678277 .sow-image-container .so-widget-image {\n  display: block;\n  height: auto;\n  max-width: 100%;\n  \n}<\/style>\n\t\t\t\t\n\n<div\n\t\t\t\n\t\t\tclass=\"so-widget-sow-image so-widget-sow-image-default-8b5b6f678277\"\n\t\t\t\n\t\t>\n<div class=\"sow-image-container\">\n\t\t\t<a href=\"http:\/\/astrojeje.com\/index.php\/les-amas-de-galaxies\/\"\n\t\t\t\t\t>\n\t\t\t<img \n\tsrc=\"http:\/\/astrojeje.com\/wp-content\/uploads\/2022\/05\/cropped-LRVB-150x150.jpg\" width=\"150\" height=\"150\" sizes=\"auto, (max-width: 150px) 100vw, 150px\" title=\"AMAS DE GALAXIES\" alt=\"\" decoding=\"async\" loading=\"lazy\" \t\tclass=\"so-widget-image\"\/>\n\t\t\t<\/a><\/div>\n\nAMAS DE GALAXIES<\/div>\t\t\t\t<style type=\"text\/css\">.so-widget-sow-image-default-8b5b6f678277 .sow-image-container {\n  display: flex;\n  align-items: flex-start;\n}\n.so-widget-sow-image-default-8b5b6f678277 .sow-image-container > a {\n  display: inline-block;\n  \n  max-width: 100%;\n}\n@media screen and (-ms-high-contrast: active), screen and (-ms-high-contrast: none) {\n  .so-widget-sow-image-default-8b5b6f678277 .sow-image-container > a {\n    display: flex;\n  }\n}\n.so-widget-sow-image-default-8b5b6f678277 .sow-image-container .so-widget-image {\n  display: block;\n  height: auto;\n  max-width: 100%;\n  \n}<\/style>\n\t\t\t\t<\/div><div class=\"wp-block-group is-nowrap is-layout-flex wp-container-core-group-is-layout-ad2f72ca wp-block-group-is-layout-flex\"><\/div>\n\n\n\n<p><strong><em><font dir=\"auto\" style=\"vertical-align: inherit;\"><font dir=\"auto\" style=\"vertical-align: inherit;\">Acc\u00e9der aux diff\u00e9rentes rubriques depuis le menu d\u00e9roulant<\/font><\/font><\/em><\/strong> OU <strong><em>en cliquant sur les images<\/em><\/strong><\/p>\n\n\n\n<p><\/p>\n","protected":false},"excerpt":{"rendered":"<p>Nous vous invitons dans un voyage vers les objets les plus extraordinaires de notre univers. Des images r\u00e9alis\u00e9es \u00e0 l&#8217;observatoire Astrojeje et Astrojm. Des mois d&#8217;acquisitions n\u00e9cessaires, pour capter les lumi\u00e8res lointaines et r\u00e9v\u00e9ler la beaut\u00e9 des objets du ciel profond. Les grandes n\u00e9buleuses, les amas d&#8217;\u00e9toiles et les \u00eeles de l&#8217;univers : les galaxies&#8230;. <\/p>\n<div class=\"read-more navbutton\"><a href=\"http:\/\/astrojeje.com\/index.php\/galerie-des-images\/\">Read More<i class=\"fa fa-angle-double-right\"><\/i><\/a><\/div>\n","protected":false},"author":1,"featured_media":0,"parent":0,"menu_order":0,"comment_status":"closed","ping_status":"closed","template":"","meta":{"footnotes":""},"class_list":["post-4041","page","type-page","status-publish","hentry"],"_links":{"self":[{"href":"http:\/\/astrojeje.com\/index.php\/wp-json\/wp\/v2\/pages\/4041","targetHints":{"allow":["GET"]}}],"collection":[{"href":"http:\/\/astrojeje.com\/index.php\/wp-json\/wp\/v2\/pages"}],"about":[{"href":"http:\/\/astrojeje.com\/index.php\/wp-json\/wp\/v2\/types\/page"}],"author":[{"embeddable":true,"href":"http:\/\/astrojeje.com\/index.php\/wp-json\/wp\/v2\/users\/1"}],"replies":[{"embeddable":true,"href":"http:\/\/astrojeje.com\/index.php\/wp-json\/wp\/v2\/comments?post=4041"}],"version-history":[{"count":21,"href":"http:\/\/astrojeje.com\/index.php\/wp-json\/wp\/v2\/pages\/4041\/revisions"}],"predecessor-version":[{"id":4668,"href":"http:\/\/astrojeje.com\/index.php\/wp-json\/wp\/v2\/pages\/4041\/revisions\/4668"}],"wp:attachment":[{"href":"http:\/\/astrojeje.com\/index.php\/wp-json\/wp\/v2\/media?parent=4041"}],"curies":[{"name":"wp","href":"https:\/\/api.w.org\/{rel}","templated":true}]}}