{"id":2388,"date":"2018-03-26T21:22:44","date_gmt":"2018-03-26T20:22:44","guid":{"rendered":"http:\/\/astrojeje.com\/?page_id=2388"},"modified":"2025-09-06T21:30:25","modified_gmt":"2025-09-06T20:30:25","slug":"fripon","status":"publish","type":"page","link":"http:\/\/astrojeje.com\/index.php\/fripon\/","title":{"rendered":"FRIPON SURVEILLANCE DES METEORITES"},"content":{"rendered":"<div id=\"pl-2388\"  class=\"panel-layout\" ><div id=\"pg-2388-0\"  class=\"panel-grid panel-no-style\" ><div id=\"pgc-2388-0-0\"  class=\"panel-grid-cell\" ><div id=\"panel-2388-0-0-0\" class=\"so-panel widget widget_sow-image panel-first-child\" data-index=\"0\" ><div\n\t\t\t\n\t\t\tclass=\"so-widget-sow-image so-widget-sow-image-default-8b5b6f678277-2388\"\n\t\t\t\n\t\t>\n<div class=\"sow-image-container\">\n\t\t<img \n\tsrc=\"http:\/\/astrojeje.com\/wp-content\/uploads\/2018\/03\/logo_fripon.jpg\" width=\"448\" height=\"207\" srcset=\"http:\/\/astrojeje.com\/wp-content\/uploads\/2018\/03\/logo_fripon.jpg 448w, http:\/\/astrojeje.com\/wp-content\/uploads\/2018\/03\/logo_fripon-300x139.jpg 300w\" sizes=\"(max-width: 448px) 100vw, 448px\" alt=\"\" \t\tclass=\"so-widget-image\"\/>\n\t<\/div>\n\n<\/div><\/div><div id=\"panel-2388-0-0-1\" class=\"so-panel widget widget_sow-image panel-last-child\" data-index=\"1\" ><div class=\"panel-widget-style panel-widget-style-for-2388-0-0-1\" ><div\n\t\t\t\n\t\t\tclass=\"so-widget-sow-image so-widget-sow-image-default-8b5b6f678277-2388\"\n\t\t\t\n\t\t>\n<div class=\"sow-image-container\">\n\t\t<img \n\tsrc=\"http:\/\/astrojeje.com\/wp-content\/uploads\/2018\/03\/camera_pic_du_midi.jpg\" width=\"715\" height=\"495\" srcset=\"http:\/\/astrojeje.com\/wp-content\/uploads\/2018\/03\/camera_pic_du_midi.jpg 715w, http:\/\/astrojeje.com\/wp-content\/uploads\/2018\/03\/camera_pic_du_midi-300x208.jpg 300w\" sizes=\"(max-width: 715px) 100vw, 715px\" title=\"Cam\u00e9ra FRIPON au Pic du Midi, 1er janvier 2015\" alt=\"\" \t\tclass=\"so-widget-image\"\/>\n\t<\/div>\n\n<h3 class=\"widget-title\">Cam\u00e9ra FRIPON au Pic du Midi, 1er janvier 2015<\/h3><\/div><\/div><\/div><\/div><div id=\"pgc-2388-0-1\"  class=\"panel-grid-cell\" ><div id=\"panel-2388-0-1-0\" class=\"so-panel widget widget_sow-editor panel-first-child panel-last-child\" data-index=\"2\" ><div\n\t\t\t\n\t\t\tclass=\"so-widget-sow-editor so-widget-sow-editor-base\"\n\t\t\t\n\t\t>\n<div class=\"siteorigin-widget-tinymce textwidget\">\n\t<p>Mardi 31 mai 2016 marque le lancement officiel de FRIPON, un r\u00e9seau connect\u00e9, unique au monde, de recherche de m\u00e9t\u00e9orites. \u00c0 terme constitu\u00e9 de 100 cam\u00e9ras implant\u00e9es sur tout le territoire fran\u00e7ais, FRIPON inaugure une surveillance du ciel, de jour et de nuit, \u00e0 360\u00b0. N\u00e9 de l\u2019expertise scientifique conjugu\u00e9e de l\u2019Observatoire de Paris, du Mus\u00e9um national d\u2019Histoire naturelle, de l\u2019Universit\u00e9 Paris-Sud, d\u2019Aix-Marseille Universit\u00e9 et du CNRS, ce maillage vise \u00e0 d\u00e9tecter les chutes de m\u00e9t\u00e9orites, \u00e0 mesurer leur trajectoire et enfin \u00e0 d\u00e9terminer leur zone de chute pour organiser des campagnes de recherche sur le terrain.<\/p>\n<p>L'explosion le 15 f\u00e9vrier 2013 d'une tr\u00e8s grosse m\u00e9t\u00e9orite au-dessus de la ville russe de Tch\u00e9liabinsk a surpris le monde entier et a d\u00e9clench\u00e9 une v\u00e9ritable prise de conscience aupr\u00e8s de l\u2019opinion publique et des pouvoirs publics : un tel \u00e9v\u00e9nement pouvait se reproduire n\u2019importe o\u00f9, n\u2019importe quand.<\/p>\n<p>De fa\u00e7on g\u00e9n\u00e9rale, la grande majorit\u00e9 des bolides et m\u00e9t\u00e9ores se d\u00e9sint\u00e8gre totalement en p\u00e9n\u00e9trant dans l\u2019atmosph\u00e8re terrestre et finit en poussi\u00e8re sans m\u00eame avoir atteint le sol. Mais parfois, il est possible qu'un objet c\u00e9leste de quelques m\u00e8tres puisse produire des m\u00e9t\u00e9orites.<\/p>\n<p>On estime qu'il tombe une dizaine de m\u00e9t\u00e9orites par an en France, cependant on constate qu'actuellement, on n'en retrouve qu'une tous les 10 ans. \u00c9tonnamment ce taux \u00e9tait cinq fois plus important au XIXe si\u00e8cle. On peut expliquer ce fait de nombreuses fa\u00e7ons, mais une chose est claire : la tr\u00e8s grande majorit\u00e9 des m\u00e9t\u00e9orites tombant en France sont \u00e0 jamais perdues !<\/p>\n<p>Sur ce constat, les chercheurs Fran\u00e7ois Colas (chercheur CNRS \u00e0 l\u2019Observatoire de Paris), Brigitte Zanda (enseignant-chercheur au Mus\u00e9um national d\u2019Histoire naturelle) et Sylvain Bouley (enseignant-chercheur \u00e0 l\u2019Universit\u00e9 Paris-Sud), forts de leurs expertises compl\u00e9mentaires, \u0153uvrent depuis 2013 \u00e0 la mise en place du dispositif FRIPON, acronyme pour \u00ab Fireball Recovery Interplanetary<br \/>Observation Network \u00bb (en fran\u00e7ais : R\u00e9seau de recherche de bolides et de mati\u00e8re interplan\u00e9taire). Ayant b\u00e9n\u00e9fici\u00e9 d\u2019un financement de 550 000 euros par l\u2019Agence nationale de Recherche (ANR), ce dispositif de grande ampleur consiste en un d\u00e9ploiement sur tout le territoire fran\u00e7ais d\u2019un d\u00e9tecteur qui comprendra \u00e0 terme 100 cam\u00e9ras et 25 r\u00e9cepteurs radio. Les donn\u00e9es des radars m\u00e9t\u00e9o et des<br \/>sismographes seront \u00e9galement utilis\u00e9es pour rep\u00e9rer les bolides.<\/p>\n<\/div>\n<\/div><\/div><\/div><\/div><div id=\"pg-2388-1\"  class=\"panel-grid panel-no-style\" ><div id=\"pgc-2388-1-0\"  class=\"panel-grid-cell\" ><div id=\"panel-2388-1-0-0\" class=\"so-panel widget widget_sow-editor panel-first-child panel-last-child\" data-index=\"3\" ><div\n\t\t\t\n\t\t\tclass=\"so-widget-sow-editor so-widget-sow-editor-base\"\n\t\t\t\n\t\t>\n<div class=\"siteorigin-widget-tinymce textwidget\">\n\t<p><strong>Le principe<\/strong><\/p>\n<p>Trois \u00e0 neuf cam\u00e9ras sont implant\u00e9es en moyenne par r\u00e9gion, \u00e0 des distances de 50 \u00e0 100 kilom\u00e8tres. Toits d\u2019observatoires, d\u2019universit\u00e9s, de mus\u00e9ums, d\u2019associations de culture scientifique\u2026 les lieux d\u2019implantation sont multiples et mobilisent \u00e0 ce jour au total pr\u00e8s de 150 acteurs. Simples d\u2019installation et d\u2019utilisation, ces cam\u00e9ras sont dot\u00e9es d\u2019un objectif fisheye, permettant une vue tr\u00e8s large \u00e0 360\u00b0 de la vo\u00fbte c\u00e9leste, sur une seule image. Elles sont raccord\u00e9es \u00e0 des ordinateurs munis d\u2019un logiciel d\u00e9velopp\u00e9 sp\u00e9cialement pour analyser les images et d\u00e9tecter les \u00e9v\u00e9nements<br \/>lumineux. Lorsqu\u2019une d\u00e9tection survient, une alerte est transmise au calculateur central situ\u00e9 \u00e0 l\u2019Universit\u00e9 Paris-Sud, qui recueille les donn\u00e9es de<br \/>tout le r\u00e9seau en temps r\u00e9el. Toute la cha\u00eene de calcul est op\u00e9rationnelle.<\/p>\n<p>Sur la base d\u2019une observation il est ainsi possible de d\u00e9clencher une campagne de recherche de l\u2019impact sur le terrain en 24 h environ. Avec plus d'une soixantaine de cam\u00e9ras install\u00e9es \u00e0 ce jour et actives en<br \/>France, FRIPON est aujourd\u2019hui op\u00e9rationnel. Son d\u00e9ploiement \u00e0 l\u2019\u00e9tranger a d\u00e9j\u00e0 commenc\u00e9. On peut obtenir les images en temps r\u00e9el sur le site www.fripon.org. \u00ab Il permet de d\u00e9tecter en temps r\u00e9el, les objets sous plusieurs angles et ainsi de calculer leurs trajectoires en 3D, leur vitesse et leur point d'impact \u00e9ventuel avec une pr\u00e9cision de l'ordre de quelques centaines de m\u00e8tres \u00bb, pr\u00e9cise Fran\u00e7ois Colas, astronome, responsable du projet FRIPON \u00e0 l\u2019Observatoire de Paris, au sein de l\u2019Institut de m\u00e9canique<br \/>c\u00e9leste et de calcul des \u00e9ph\u00e9m\u00e9rides.<\/p>\n<p><a href=\"https:\/\/www.fripon.org\/\"><span style=\"color: #ffcc00;\">https:\/\/www.fripon.org\/<\/span><\/a><\/p>\n<\/div>\n<\/div><\/div><\/div><\/div><div id=\"pg-2388-2\"  class=\"panel-grid panel-no-style\" ><div id=\"pgc-2388-2-0\"  class=\"panel-grid-cell\" ><div id=\"panel-2388-2-0-0\" class=\"so-panel widget widget_sow-editor panel-first-child panel-last-child\" data-index=\"4\" ><div\n\t\t\t\n\t\t\tclass=\"so-widget-sow-editor so-widget-sow-editor-base\"\n\t\t\t\n\t\t>\n<div class=\"siteorigin-widget-tinymce textwidget\">\n\t<p><strong>Les objectifs<\/strong><\/p>\n<p>Cette surveillance \u00e0 l\u2019\u00e9chelle nationale a de multiples enjeux : le but est de d\u00e9terminer l\u2019origine et le flux de mati\u00e8re extraterrestre sur Terre et de\u00a0 retrouver des m\u00e9t\u00e9orites afin de mieux conna\u00eetre le Syst\u00e8me solaire.<br \/>La collecte de ce mat\u00e9riau brut en provenance de l\u2019espace apporte des informations d\u2019une valeur inestimable sur la composition du Syst\u00e8me solaire \u00e0 son origine, sur celle des plan\u00e8tes et leur \u00e9volution, notamment la Terre. \u00ab Notre plan\u00e8te est un agglom\u00e9rat de m\u00e9t\u00e9orites transform\u00e9 par les processus g\u00e9ologiques. Ayant peu \u00e9volu\u00e9 depuis la formation du Syst\u00e8me solaire, celles qui tombent \u00e0 l\u2019heure actuelle peuvent, \u00e0 travers leur analyse, aider \u00e0 comprendre la Terre primitive \u00bb, indique Brigitte Zanda, m\u00e9t\u00e9oritologue au<br \/>Mus\u00e9um national d\u2019Histoire naturelle.<\/p>\n<\/div>\n<\/div><\/div><\/div><\/div><div id=\"pg-2388-3\"  class=\"panel-grid panel-no-style\" ><div id=\"pgc-2388-3-0\"  class=\"panel-grid-cell\" ><div id=\"panel-2388-3-0-0\" class=\"so-panel widget widget_sow-editor panel-first-child panel-last-child\" data-index=\"5\" ><div\n\t\t\t\n\t\t\tclass=\"so-widget-sow-editor so-widget-sow-editor-base\"\n\t\t\t\n\t\t>\n<div class=\"siteorigin-widget-tinymce textwidget\">\n\t<h2><span style=\"color: #ffcc00;\"><b>\u00c9V\u00c9NEMENT INAUGURATION DE LA CAMERA FRIPON A LA MAIRIE DE CAVARC LE DIMANCHE 25 MARS 2018<\/b><\/span><\/h2>\n<h1 class=\"title_article\">Cavarc, les pieds sur Terre, la t\u00eate dans les \u00e9toiles filantes<\/h1>\n<h2 class=\"sous_titre\">Actu - Science participative<\/h2>\n<h2><strong><em>Le petit village de Cavarc est dot\u00e9 depuis d\u00e9cembre d'une cam\u00e9ra install\u00e9e sur le toit de la mairie. Et fait partie d'un r\u00e9seau scientifique national de d\u00e9tection des m\u00e9t\u00e9ores.<\/em><\/strong><\/h2>\n<p>Quelque part sur internet\u00a0<em>(1)<\/em>, une carte de France interactive. Une centaine d'\u00e9pingles bleues d\u00e9signant des sites: Observatoire de Paris, Orsay, Pic du Midi, Hy\u00e8res, Marseille, Talence, Lille, Brest, Strasbourg\u2026 Et l\u00e0, parmi cette nu\u00e9e de points, Cavarc, 130 habitants, Lot-et-Garonne! Le maire, Laurent Delpech, a peine \u00e0 y croire : \u00abC'est valorisant pour nous. Voir c\u00f4te \u00e0 c\u00f4te sur une carte du CNRS l'observatoire du Pic du Midi et Cavarc, \u00e7a fait un peu dr\u00f4le\u2026\u00bb.....<\/p>\n<h3><span style=\"color: #ffcc00;\"><a style=\"color: #ffcc00;\" href=\"http:\/\/www.petitbleu.fr\/article\/2018\/03\/25\/85764-cavarc-pieds-terre-tete-etoiles-filantes.html\">http:\/\/www.petitbleu.fr\/article\/2018\/03\/25\/85764-cavarc-pieds-terre-tete-etoiles-filantes.html<\/a><\/span><\/h3>\n<p>Passage sur la radio locale RADIO 4\u00a0 au journaux\u00a0<\/p>\n<p style=\"text-align: left;\"><a href=\"http:\/\/astrojeje.com\/wp-content\/uploads\/2018\/03\/logo_radio4.jpg\"><img loading=\"lazy\" decoding=\"async\" class=\"size-full wp-image-2441 alignleft\" src=\"http:\/\/astrojeje.com\/wp-content\/uploads\/2018\/03\/logo_radio4.jpg\" alt=\"\" width=\"315\" height=\"109\" srcset=\"http:\/\/astrojeje.com\/wp-content\/uploads\/2018\/03\/logo_radio4.jpg 315w, http:\/\/astrojeje.com\/wp-content\/uploads\/2018\/03\/logo_radio4-300x104.jpg 300w\" sizes=\"auto, (max-width: 315px) 100vw, 315px\" \/><\/a><\/p>\n<p>\u00a0<\/p>\n<p>\u00a0<\/p>\n<p>\u00a0<\/p>\n<p>\u00a0<\/p>\n<p><strong>Lien vers les Podcasts journal du 30 mars 2018 \u00e0\u00a0 7h30\u00a0\u00a0<a href=\"http:\/\/www.radio4.fr\/podcasts.html\">http:\/\/www.radio4.fr\/podcasts.html<\/a><\/strong><\/p>\n<\/div>\n<\/div><\/div><\/div><div id=\"pgc-2388-3-1\"  class=\"panel-grid-cell\" ><div id=\"panel-2388-3-1-0\" class=\"so-panel widget widget_sow-image panel-first-child panel-last-child\" data-index=\"6\" ><div\n\t\t\t\n\t\t\tclass=\"so-widget-sow-image so-widget-sow-image-default-8b5b6f678277-2388\"\n\t\t\t\n\t\t>\n<div class=\"sow-image-container\">\n\t\t\t<a href=\"http:\/\/www.petitbleu.fr\/article\/2018\/03\/25\/85764-cavarc-pieds-terre-tete-etoiles-filantes.html\"\n\t\t\t\t\t>\n\t\t\t<img \n\tsrc=\"http:\/\/astrojeje.com\/wp-content\/uploads\/2018\/03\/jeje_nt200-1.jpg\" width=\"661\" height=\"414\" srcset=\"http:\/\/astrojeje.com\/wp-content\/uploads\/2018\/03\/jeje_nt200-1.jpg 661w, http:\/\/astrojeje.com\/wp-content\/uploads\/2018\/03\/jeje_nt200-1-300x188.jpg 300w\" sizes=\"(max-width: 661px) 100vw, 661px\" title=\"jeje_nt200\" alt=\"\" \t\tclass=\"so-widget-image\"\/>\n\t\t\t<\/a><\/div>\n\n<\/div><\/div><\/div><\/div><div id=\"pg-2388-4\"  class=\"panel-grid panel-no-style\" ><div id=\"pgc-2388-4-0\"  class=\"panel-grid-cell\" ><div id=\"panel-2388-4-0-0\" class=\"so-panel widget widget_sow-image panel-first-child panel-last-child\" data-index=\"7\" ><div class=\"panel-widget-style panel-widget-style-for-2388-4-0-0\" ><div\n\t\t\t\n\t\t\tclass=\"so-widget-sow-image so-widget-sow-image-default-8b5b6f678277-2388\"\n\t\t\t\n\t\t><h3 class=\"widget-title\">LE ALLSKY DE FRIPON DE CAVARC EN LIVE <\/h3>\n<div class=\"sow-image-container\">\n\t\t\t<a href=\"https:\/\/www.fripon.org\/IMG\/jpg\/stations\/RT_FRAQ07.jpg\"\n\t\t\ttarget=\"_blank\" rel=\"noopener noreferrer\" \t\t>\n\t\t\t<img \n\tsrc=\"https:\/\/www.fripon.org\/IMG\/jpg\/stations\/RT_FRAQ07.jpg\" title=\"LE ALLSKY DE FRIPON DE CAVARC EN LIVE \" alt=\"\" \t\tclass=\"so-widget-image\"\/>\n\t\t\t<\/a><\/div>\n\n<\/div><\/div><\/div><\/div><\/div><\/div>","protected":false},"excerpt":{"rendered":"<p>Mardi 31 mai 2016 marque le lancement officiel de FRIPON, un r\u00e9seau connect\u00e9, unique au monde, de recherche de m\u00e9t\u00e9orites. \u00c0 terme constitu\u00e9 de 100 cam\u00e9ras implant\u00e9es sur tout le territoire fran\u00e7ais, FRIPON inaugure une surveillance du ciel, de jour et de nuit, \u00e0 360\u00b0. N\u00e9 de l\u2019expertise scientifique conjugu\u00e9e de l\u2019Observatoire de Paris, du&#8230; <\/p>\n<div class=\"read-more navbutton\"><a href=\"http:\/\/astrojeje.com\/index.php\/fripon\/\">Read More<i class=\"fa fa-angle-double-right\"><\/i><\/a><\/div>\n","protected":false},"author":1,"featured_media":0,"parent":0,"menu_order":0,"comment_status":"closed","ping_status":"closed","template":"","meta":{"footnotes":""},"class_list":["post-2388","page","type-page","status-publish","hentry"],"_links":{"self":[{"href":"http:\/\/astrojeje.com\/index.php\/wp-json\/wp\/v2\/pages\/2388","targetHints":{"allow":["GET"]}}],"collection":[{"href":"http:\/\/astrojeje.com\/index.php\/wp-json\/wp\/v2\/pages"}],"about":[{"href":"http:\/\/astrojeje.com\/index.php\/wp-json\/wp\/v2\/types\/page"}],"author":[{"embeddable":true,"href":"http:\/\/astrojeje.com\/index.php\/wp-json\/wp\/v2\/users\/1"}],"replies":[{"embeddable":true,"href":"http:\/\/astrojeje.com\/index.php\/wp-json\/wp\/v2\/comments?post=2388"}],"version-history":[{"count":14,"href":"http:\/\/astrojeje.com\/index.php\/wp-json\/wp\/v2\/pages\/2388\/revisions"}],"predecessor-version":[{"id":4424,"href":"http:\/\/astrojeje.com\/index.php\/wp-json\/wp\/v2\/pages\/2388\/revisions\/4424"}],"wp:attachment":[{"href":"http:\/\/astrojeje.com\/index.php\/wp-json\/wp\/v2\/media?parent=2388"}],"curies":[{"name":"wp","href":"https:\/\/api.w.org\/{rel}","templated":true}]}}