{"id":220,"date":"2016-12-21T20:56:20","date_gmt":"2016-12-21T20:56:20","guid":{"rendered":"http:\/\/astrojeje.com\/?page_id=220"},"modified":"2024-10-30T21:54:01","modified_gmt":"2024-10-30T20:54:01","slug":"allsky-live","status":"publish","type":"page","link":"http:\/\/astrojeje.com\/index.php\/allsky-live\/","title":{"rendered":"En direct des observatoires"},"content":{"rendered":"<div id=\"pl-220\"  class=\"panel-layout\" ><div id=\"pg-220-0\"  class=\"panel-grid panel-no-style\" ><div id=\"pgc-220-0-0\"  class=\"panel-grid-cell\" ><div id=\"panel-220-0-0-0\" class=\"so-panel widget widget_sow-editor panel-first-child\" data-index=\"0\" ><div class=\"panel-widget-style panel-widget-style-for-220-0-0-0\" ><div\n\t\t\t\n\t\t\tclass=\"so-widget-sow-editor so-widget-sow-editor-base\"\n\t\t\t\n\t\t>\n<div class=\"siteorigin-widget-tinymce textwidget\">\n\t<h2><span style=\"color: #ffcc00;\"><span style=\"vertical-align: inherit;\"><span style=\"vertical-align: inherit;\">Pour vivre en direct les diff\u00e9rentes actions des observatoires des astroj <\/span><\/span><\/span><\/h2>\n<\/div>\n<\/div><\/div><\/div><div id=\"panel-220-0-0-1\" class=\"so-panel widget widget_sow-editor panel-last-child\" data-index=\"1\" ><div\n\t\t\t\n\t\t\tclass=\"so-widget-sow-editor so-widget-sow-editor-base\"\n\t\t\t\n\t\t>\n<div class=\"siteorigin-widget-tinymce textwidget\">\n\t<h2><span style=\"vertical-align: inherit;\"><span style=\"vertical-align: inherit;\"><span style=\"vertical-align: inherit;\"><span style=\"vertical-align: inherit;\"><span style=\"vertical-align: inherit;\"><span style=\"vertical-align: inherit;\">Pour regarder l'\u00e9cran de l'ordinateur d'imagerie, appuyez sur le bouton de lecture ci-dessous. <\/span><\/span><\/span><\/span><\/span><span style=\"vertical-align: inherit;\"><span style=\"vertical-align: inherit;\"><span style=\"vertical-align: inherit;\"><span style=\"vertical-align: inherit;\"><span style=\"vertical-align: inherit;\">Vous pouvez l'agrandir \u00e0 la taille de votre \u00e9cran.\u00a0<\/span><\/span><\/span><\/span><\/span><\/span><\/h2>\n<h2><span style=\"vertical-align: inherit;\"><span style=\"vertical-align: inherit;\"><span style=\"vertical-align: inherit;\"><span style=\"vertical-align: inherit;\"><span style=\"vertical-align: inherit;\"><span style=\"vertical-align: inherit;\">Pendant la journ\u00e9e, il n'y a pas ou peu d'activit\u00e9 sauf en cas d'imagerie solaire. <\/span><\/span><\/span><\/span><\/span><span style=\"vertical-align: inherit;\"><span style=\"vertical-align: inherit;\"><span style=\"vertical-align: inherit;\"><span style=\"vertical-align: inherit;\"><span style=\"vertical-align: inherit;\">Les nuits avec de bonnes conditions d'imagerie, vous voyez les syst\u00e8mes de contr\u00f4le et d'imagerie de l'observatoire ASTROJEJE\u00a0<\/span><\/span><\/span><\/span><\/span><\/span><br \/>\n<strong><span style=\"vertical-align: inherit;\"><span style=\"vertical-align: inherit;\"><span style=\"vertical-align: inherit;\"><span style=\"vertical-align: inherit;\"><span style=\"vertical-align: inherit;\"><span style=\"vertical-align: inherit;\">Utilisez toujours le lien ci-dessous, car YouTube peut changer.\u00a0<\/span><\/span><\/span><\/span><\/span><\/span><\/strong><\/h2>\n<p><span style=\"color: #ff9900;\"><span style=\"vertical-align: inherit;\"><span style=\"vertical-align: inherit;\">Une fois le live termin\u00e9, vous avez la possibilit\u00e9 de revoir les s\u00e9quences d'imagerie de la nuit.<\/span><\/span><\/span><\/p>\n<\/div>\n<\/div><\/div><\/div><\/div><div id=\"pg-220-1\"  class=\"panel-grid panel-no-style\" ><div id=\"pgc-220-1-0\"  class=\"panel-grid-cell\" ><div id=\"panel-220-1-0-0\" class=\"so-panel widget widget_sow-editor panel-first-child\" data-index=\"2\" ><div\n\t\t\t\n\t\t\tclass=\"so-widget-sow-editor so-widget-sow-editor-base\"\n\t\t\t\n\t\t>\n<div class=\"siteorigin-widget-tinymce textwidget\">\n\t<p><iframe loading=\"lazy\" title=\"ASTROJEJE LIVE\" width=\"843\" height=\"474\" src=\"https:\/\/www.youtube.com\/embed\/Z81b1aEUP2A?feature=oembed\" frameborder=\"0\" allow=\"accelerometer; autoplay; clipboard-write; encrypted-media; gyroscope; picture-in-picture; web-share\" referrerpolicy=\"strict-origin-when-cross-origin\" allowfullscreen><\/iframe><\/p>\n<\/div>\n<\/div><\/div><div id=\"panel-220-1-0-1\" class=\"so-panel widget widget_sow-editor panel-last-child\" data-index=\"3\" ><div\n\t\t\t\n\t\t\tclass=\"so-widget-sow-editor so-widget-sow-editor-base\"\n\t\t\t\n\t\t><h3 class=\"widget-title\">http:\/\/86.215.37.73:2001\/<\/h3>\n<div class=\"siteorigin-widget-tinymce textwidget\">\n\t<\/div>\n<\/div><\/div><\/div><\/div><\/div>","protected":false},"excerpt":{"rendered":"<p>Pour vivre en direct les diff\u00e9rentes actions des observatoires des astroj Pour regarder l&#8217;\u00e9cran de l&#8217;ordinateur d&#8217;imagerie, appuyez sur le bouton de lecture ci-dessous. Vous pouvez l&#8217;agrandir \u00e0 la taille de votre \u00e9cran.\u00a0 Pendant la journ\u00e9e, il n&#8217;y a pas ou peu d&#8217;activit\u00e9 sauf en cas d&#8217;imagerie solaire. Les nuits avec de bonnes conditions d&#8217;imagerie,&#8230; <\/p>\n<div class=\"read-more navbutton\"><a href=\"http:\/\/astrojeje.com\/index.php\/allsky-live\/\">Read More<i class=\"fa fa-angle-double-right\"><\/i><\/a><\/div>\n","protected":false},"author":1,"featured_media":0,"parent":0,"menu_order":0,"comment_status":"closed","ping_status":"closed","template":"","meta":{"footnotes":""},"class_list":["post-220","page","type-page","status-publish","hentry"],"_links":{"self":[{"href":"http:\/\/astrojeje.com\/index.php\/wp-json\/wp\/v2\/pages\/220","targetHints":{"allow":["GET"]}}],"collection":[{"href":"http:\/\/astrojeje.com\/index.php\/wp-json\/wp\/v2\/pages"}],"about":[{"href":"http:\/\/astrojeje.com\/index.php\/wp-json\/wp\/v2\/types\/page"}],"author":[{"embeddable":true,"href":"http:\/\/astrojeje.com\/index.php\/wp-json\/wp\/v2\/users\/1"}],"replies":[{"embeddable":true,"href":"http:\/\/astrojeje.com\/index.php\/wp-json\/wp\/v2\/comments?post=220"}],"version-history":[{"count":123,"href":"http:\/\/astrojeje.com\/index.php\/wp-json\/wp\/v2\/pages\/220\/revisions"}],"predecessor-version":[{"id":1119,"href":"http:\/\/astrojeje.com\/index.php\/wp-json\/wp\/v2\/pages\/220\/revisions\/1119"}],"wp:attachment":[{"href":"http:\/\/astrojeje.com\/index.php\/wp-json\/wp\/v2\/media?parent=220"}],"curies":[{"name":"wp","href":"https:\/\/api.w.org\/{rel}","templated":true}]}}