{"id":1513,"date":"2017-03-11T16:31:58","date_gmt":"2017-03-11T15:31:58","guid":{"rendered":"http:\/\/astrojeje.com\/?page_id=1513"},"modified":"2023-01-02T23:19:11","modified_gmt":"2023-01-02T22:19:11","slug":"meteo-live","status":"publish","type":"page","link":"http:\/\/astrojeje.com\/index.php\/meteo-live\/","title":{"rendered":"Conditions m\u00e9t\u00e9orologiques de la station des observatoires (mise \u00e0 jour 01\/2023)"},"content":{"rendered":"<div id=\"pl-1513\"  class=\"panel-layout\" ><div id=\"pg-1513-0\"  class=\"panel-grid panel-no-style\" ><div id=\"pgc-1513-0-0\"  class=\"panel-grid-cell\" ><div id=\"panel-1513-0-0-0\" class=\"so-panel widget widget_sow-editor panel-first-child panel-last-child\" data-index=\"0\" ><div class=\"panel-widget-style panel-widget-style-for-1513-0-0-0\" ><div\n\t\t\t\n\t\t\tclass=\"so-widget-sow-editor so-widget-sow-editor-base\"\n\t\t\t\n\t\t>\n<div class=\"siteorigin-widget-tinymce textwidget\">\n\t<h2><span style=\"color: #ffcc00;\">Situation de la station m\u00e9t\u00e9orologique des Astroj (station Or\u00e9gon Scientific WMR200) actualisation touche F5\u00a0<\/span><\/h2>\n<\/div>\n<\/div><\/div><\/div><\/div><\/div><div id=\"pg-1513-1\"  class=\"panel-grid panel-no-style\" ><div id=\"pgc-1513-1-0\"  class=\"panel-grid-cell\" ><div id=\"panel-1513-1-0-0\" class=\"so-panel widget widget_sow-image panel-first-child panel-last-child\" data-index=\"1\" ><div\n\t\t\t\n\t\t\tclass=\"so-widget-sow-image so-widget-sow-image-default-8b5b6f678277-1513\"\n\t\t\t\n\t\t>\n<div class=\"sow-image-container\">\n\t\t\t<a href=\"http:\/\/astrojeje.com\/wp-content\/uploads\/2023\/01\/station_m\u00e9t\u00e9o.jpg\"\n\t\t\t\t\t>\n\t\t\t<img \n\tsrc=\"http:\/\/astrojeje.com\/wp-content\/uploads\/2023\/01\/station_m\u00e9t\u00e9o.jpg\" width=\"601\" height=\"534\" srcset=\"http:\/\/astrojeje.com\/wp-content\/uploads\/2023\/01\/station_m\u00e9t\u00e9o.jpg 601w, http:\/\/astrojeje.com\/wp-content\/uploads\/2023\/01\/station_m\u00e9t\u00e9o-300x267.jpg 300w\" sizes=\"(max-width: 601px) 100vw, 601px\" alt=\"\" \t\tclass=\"so-widget-image\"\/>\n\t\t\t<\/a><\/div>\n\n<\/div><\/div><\/div><div id=\"pgc-1513-1-1\"  class=\"panel-grid-cell\" ><div id=\"panel-1513-1-1-0\" class=\"so-panel widget widget_sow-editor panel-first-child panel-last-child\" data-index=\"2\" ><div\n\t\t\t\n\t\t\tclass=\"so-widget-sow-editor so-widget-sow-editor-base\"\n\t\t\t\n\t\t>\n<div class=\"siteorigin-widget-tinymce textwidget\">\n\t<ul>\n<li>Barom\u00e8tre \u2013 pr\u00e9visions m\u00e9t\u00e9o par ic\u00f4nes<\/li>\n<li>Pression atmosph\u00e9rique en Mb\/ Hpa<\/li>\n<li>Histogramme de la pression sur 24 heures<\/li>\n<li>Thermo-hygrom\u00e8tre \u2013 int et ext avec m\u00e9moires mini\/ maxi<\/li>\n<li>An\u00e9mom\u00e8tre \u2013 vitesse et direction du vent<\/li>\n<li>Pluviom\u00e8tre \u2013 niveaux des pr\u00e9cipitations journali\u00e8res et cumul\u00e9es<\/li>\n<li>Indice de chaleur et\u00a0<a href=\"https:\/\/www.station-meteo.com\/point-de-rosee\/\">point de ros\u00e9e<\/a><\/li>\n<li>Data Logger int\u00e9gr\u00e9 \u2013 stockage des donn\u00e9es pendant 1 mois<\/li>\n<li>UV en option<\/li>\n<li>Supporte jusqu\u2019\u00e0 10 sondes thermo hygro<\/li>\n<li>Distance de transmission: 100 m\u00e8tres<\/li>\n<li>Logiciel en fran\u00e7ais inclus avec kit de connexion PC par USB<\/li>\n<li>Alimentation: Adaptateur 6V (inclus) + 4 LR06 ( sauvegarde)<\/li>\n<\/ul>\n<\/div>\n<\/div><\/div><\/div><div id=\"pgc-1513-1-2\"  class=\"panel-grid-cell\" ><div id=\"panel-1513-1-2-0\" class=\"so-panel widget widget_sow-image panel-first-child panel-last-child\" data-index=\"3\" ><div\n\t\t\t\n\t\t\tclass=\"so-widget-sow-image so-widget-sow-image-default-b062fe5d1106-1513\"\n\t\t\t\n\t\t>\n<div class=\"sow-image-container\">\n\t\t\t<a href=\"http:\/\/astrojeje.com\/wp-content\/uploads\/2023\/01\/station_m\u00e9t\u00e9o_console.jpg\"\n\t\t\t\t\t>\n\t\t\t<img \n\tsrc=\"http:\/\/astrojeje.com\/wp-content\/uploads\/2023\/01\/station_m\u00e9t\u00e9o_console.jpg\" width=\"624\" height=\"448\" srcset=\"http:\/\/astrojeje.com\/wp-content\/uploads\/2023\/01\/station_m\u00e9t\u00e9o_console.jpg 624w, http:\/\/astrojeje.com\/wp-content\/uploads\/2023\/01\/station_m\u00e9t\u00e9o_console-300x215.jpg 300w\" sizes=\"(max-width: 624px) 100vw, 624px\" title=\"Mat m\u00e9t\u00e9orologique (pluviom\u00e9trie, temp\u00e9rature ext. niveau du point de ros\u00e9, an\u00e9mom\u00e8tre, girouette, couverture nuageuse)\" alt=\"Mat m\u00e9t\u00e9orologique\" \t\tclass=\"so-widget-image\"\/>\n\t\t\t<\/a><\/div>\n\n<h3 class=\"widget-title\">Mat m\u00e9t\u00e9orologique (pluviom\u00e9trie, temp\u00e9rature ext. niveau du point de ros\u00e9, an\u00e9mom\u00e8tre, girouette, couverture nuageuse)<\/h3><\/div><\/div><\/div><\/div><div id=\"pg-1513-2\"  class=\"panel-grid panel-no-style\" ><div id=\"pgc-1513-2-0\"  class=\"panel-grid-cell\" ><div id=\"panel-1513-2-0-0\" class=\"so-panel widget widget_sow-image panel-first-child panel-last-child\" data-index=\"4\" ><div class=\"panel-widget-style panel-widget-style-for-1513-2-0-0\" ><div\n\t\t\t\n\t\t\tclass=\"so-widget-sow-image so-widget-sow-image-default-e8513d21b1d5-1513\"\n\t\t\t\n\t\t><h3 class=\"widget-title\">Donn\u00e9es m\u00e9t\u00e9orologiques en direct de l'observatoire Astroj\u00e9j\u00e9 (cliquer sur l'image) <\/h3>\n<div class=\"sow-image-container\">\n\t\t\t<a href=\"https:\/\/www.wunderground.com\/dashboard\/pws\/ICAVAR9\"\n\t\t\ttarget=\"_blank\" rel=\"noopener noreferrer\" \t\t>\n\t\t\t<img \n\tsrc=\"http:\/\/astrojeje.com\/wp-content\/uploads\/2023\/01\/weather-underground_logo.jpg\" width=\"491\" height=\"246\" srcset=\"http:\/\/astrojeje.com\/wp-content\/uploads\/2023\/01\/weather-underground_logo.jpg 491w, http:\/\/astrojeje.com\/wp-content\/uploads\/2023\/01\/weather-underground_logo-300x150.jpg 300w\" sizes=\"(max-width: 491px) 100vw, 491px\" title=\"Donn\u00e9es m\u00e9t\u00e9orologiques en direct de l&#039;observatoire Astroj\u00e9j\u00e9 (cliquer sur l&#039;image) \" alt=\"\" \t\tclass=\"so-widget-image\"\/>\n\t\t\t<\/a><\/div>\n\n<\/div><\/div><\/div><\/div><\/div><div id=\"pg-1513-3\"  class=\"panel-grid panel-no-style\" ><div id=\"pgc-1513-3-0\"  class=\"panel-grid-cell\" ><div id=\"panel-1513-3-0-0\" class=\"so-panel widget widget_sow-image panel-first-child panel-last-child\" data-index=\"5\" ><div class=\"panel-widget-style panel-widget-style-for-1513-3-0-0\" ><div\n\t\t\t\n\t\t\tclass=\"so-widget-sow-image so-widget-sow-image-default-c67d20f9f743-1513\"\n\t\t\t\n\t\t><h3 class=\"widget-title\">N\u00e9bulosit\u00e9 - Observation<\/h3>\n<div class=\"sow-image-container\">\n\t\t\t<a href=\"http:\/\/meteociel.fr\/cartes_obs\/nebu.png\"\n\t\t\ttarget=\"_blank\" rel=\"noopener noreferrer\" \t\t>\n\t\t\t<img \n\tsrc=\"http:\/\/meteociel.fr\/cartes_obs\/nebu.png\" title=\"N\u00e9bulosit\u00e9 - Observation\" alt=\"\" \t\tclass=\"so-widget-image\"\/>\n\t\t\t<\/a><\/div>\n\n<\/div><\/div><\/div><\/div><\/div><div id=\"pg-1513-4\"  class=\"panel-grid panel-no-style\" ><div id=\"pgc-1513-4-0\"  class=\"panel-grid-cell\" ><div id=\"panel-1513-4-0-0\" class=\"so-panel widget widget_sow-editor panel-first-child panel-last-child\" data-index=\"6\" ><div class=\"panel-widget-style panel-widget-style-for-1513-4-0-0\" ><div\n\t\t\t\n\t\t\tclass=\"so-widget-sow-editor so-widget-sow-editor-base\"\n\t\t\t\n\t\t>\n<div class=\"siteorigin-widget-tinymce textwidget\">\n\t<h2><span style=\"color: #ffcc00;\">Observation en direct des satelites<\/span><\/h2>\n<\/div>\n<\/div><\/div><\/div><\/div><\/div><div id=\"pg-1513-5\"  class=\"panel-grid panel-no-style\" ><div id=\"pgc-1513-5-0\"  class=\"panel-grid-cell\" ><div id=\"panel-1513-5-0-0\" class=\"so-panel widget widget_sow-image panel-first-child panel-last-child\" data-index=\"7\" ><div\n\t\t\t\n\t\t\tclass=\"so-widget-sow-image so-widget-sow-image-default-8b5b6f678277-1513\"\n\t\t\t\n\t\t>\n<div class=\"sow-image-container\">\n\t\t\t<a href=\"http:\/\/www.meteo60.fr\/satellites\/animation-satellite-ir-france.gif\"\n\t\t\ttarget=\"_blank\" rel=\"noopener noreferrer\" \t\t>\n\t\t\t<img \n\tsrc=\"http:\/\/www.meteo60.fr\/satellites\/animation-satellite-ir-france.gif\" title=\"Source : http:\/\/www.meteo60.fr \" alt=\"\" \t\tclass=\"so-widget-image\"\/>\n\t\t\t<\/a><\/div>\n\n<h3 class=\"widget-title\">Source : http:\/\/www.meteo60.fr <\/h3><\/div><\/div><\/div><div id=\"pgc-1513-5-1\"  class=\"panel-grid-cell\" ><div id=\"panel-1513-5-1-0\" class=\"so-panel widget widget_sow-image panel-first-child panel-last-child\" data-index=\"8\" ><div\n\t\t\t\n\t\t\tclass=\"so-widget-sow-image so-widget-sow-image-default-8b5b6f678277-1513\"\n\t\t\t\n\t\t>\n<div class=\"sow-image-container\">\n\t\t\t<a href=\"http:\/\/www.meteo60.fr\/satellites\/animation-satellite-visible-france.gif\"\n\t\t\ttarget=\"_blank\" rel=\"noopener noreferrer\" \t\t>\n\t\t\t<img \n\tsrc=\"http:\/\/www.meteo60.fr\/satellites\/animation-satellite-visible-france.gif\" title=\"Conditions m\u00e9t\u00e9orologiques de la station des observatoires (mise \u00e0 jour 01\/2023)\" alt=\"\" \t\tclass=\"so-widget-image\"\/>\n\t\t\t<\/a><\/div>\n\n<\/div><\/div><\/div><\/div><div id=\"pg-1513-6\"  class=\"panel-grid panel-no-style\" ><div id=\"pgc-1513-6-0\"  class=\"panel-grid-cell\" ><div id=\"panel-1513-6-0-0\" class=\"so-panel widget widget_sow-editor panel-first-child panel-last-child\" data-index=\"9\" ><div class=\"panel-widget-style panel-widget-style-for-1513-6-0-0\" ><div\n\t\t\t\n\t\t\tclass=\"so-widget-sow-editor so-widget-sow-editor-base\"\n\t\t\t\n\t\t>\n<div class=\"siteorigin-widget-tinymce textwidget\">\n\t<p><span style=\"color: #ffffff;\">Le site astro j\u00a0ne peut \u00eatre tenu responsable de l'usage et de l'interpr\u00e9tation qui peuvent \u00eatre faits des donn\u00e9es mises \u00e0 disposition.<\/span><\/p>\n<\/div>\n<\/div><\/div><\/div><\/div><\/div><div id=\"pg-1513-7\"  class=\"panel-grid panel-no-style\" ><div id=\"pgc-1513-7-0\"  class=\"panel-grid-cell panel-grid-cell-mobile-last\" ><div id=\"panel-1513-7-0-0\" class=\"so-panel widget widget_sow-button panel-first-child\" data-index=\"10\" ><div\n\t\t\t\n\t\t\tclass=\"so-widget-sow-button so-widget-sow-button-wire-9aa2dd0f0953-1513\"\n\t\t\t\n\t\t><div class=\"ow-button-base ow-button-align-left\"\n>\n\t\t\t<a\n\t\t\t\t\thref=\"http:\/\/astrojeje.com\/index.php\/meteo\/\"\n\t\t\t\t\tclass=\"sowb-button ow-icon-placement-left ow-button-hover\" \t>\n\t\t<span>\n\t\t\t<span class=\"sow-icon-fontawesome sow-fas\" data-sow-icon=\"&#xf26e;\"\n\t\tstyle=\"color: #ffffff\" \n\t\taria-hidden=\"true\"><\/span>\n\t\t\tPage m\u00e9t\u00e9o\t\t<\/span>\n\t\t\t<\/a>\n\t<\/div>\n<\/div><\/div><div id=\"panel-1513-7-0-1\" class=\"so-panel widget widget_sow-image panel-last-child\" data-index=\"11\" ><div\n\t\t\t\n\t\t\tclass=\"so-widget-sow-image so-widget-sow-image-default-8b5b6f678277-1513\"\n\t\t\t\n\t\t><\/div><\/div><\/div><div id=\"pgc-1513-7-1\"  class=\"panel-grid-cell panel-grid-cell-empty\" ><\/div><\/div><\/div>","protected":false},"excerpt":{"rendered":"<p>Situation de la station m\u00e9t\u00e9orologique des Astroj (station Or\u00e9gon Scientific WMR200) actualisation touche F5\u00a0 Barom\u00e8tre \u2013 pr\u00e9visions m\u00e9t\u00e9o par ic\u00f4nes Pression atmosph\u00e9rique en Mb\/ Hpa Histogramme de la pression sur 24 heures Thermo-hygrom\u00e8tre \u2013 int et ext avec m\u00e9moires mini\/ maxi An\u00e9mom\u00e8tre \u2013 vitesse et direction du vent Pluviom\u00e8tre \u2013 niveaux des pr\u00e9cipitations journali\u00e8res et&#8230; <\/p>\n<div class=\"read-more navbutton\"><a href=\"http:\/\/astrojeje.com\/index.php\/meteo-live\/\">Read More<i class=\"fa fa-angle-double-right\"><\/i><\/a><\/div>\n","protected":false},"author":1,"featured_media":0,"parent":0,"menu_order":0,"comment_status":"closed","ping_status":"closed","template":"","meta":{"footnotes":""},"class_list":["post-1513","page","type-page","status-publish","hentry"],"_links":{"self":[{"href":"http:\/\/astrojeje.com\/index.php\/wp-json\/wp\/v2\/pages\/1513","targetHints":{"allow":["GET"]}}],"collection":[{"href":"http:\/\/astrojeje.com\/index.php\/wp-json\/wp\/v2\/pages"}],"about":[{"href":"http:\/\/astrojeje.com\/index.php\/wp-json\/wp\/v2\/types\/page"}],"author":[{"embeddable":true,"href":"http:\/\/astrojeje.com\/index.php\/wp-json\/wp\/v2\/users\/1"}],"replies":[{"embeddable":true,"href":"http:\/\/astrojeje.com\/index.php\/wp-json\/wp\/v2\/comments?post=1513"}],"version-history":[{"count":350,"href":"http:\/\/astrojeje.com\/index.php\/wp-json\/wp\/v2\/pages\/1513\/revisions"}],"predecessor-version":[{"id":3645,"href":"http:\/\/astrojeje.com\/index.php\/wp-json\/wp\/v2\/pages\/1513\/revisions\/3645"}],"wp:attachment":[{"href":"http:\/\/astrojeje.com\/index.php\/wp-json\/wp\/v2\/media?parent=1513"}],"curies":[{"name":"wp","href":"https:\/\/api.w.org\/{rel}","templated":true}]}}