{"id":129,"date":"2016-12-21T20:14:35","date_gmt":"2016-12-21T20:14:35","guid":{"rendered":"http:\/\/astrojeje.com\/?page_id=129"},"modified":"2025-09-06T21:43:45","modified_gmt":"2025-09-06T20:43:45","slug":"astrojeje","status":"publish","type":"page","link":"http:\/\/astrojeje.com\/index.php\/astrojeje\/","title":{"rendered":"ASTROJ\u00c9J\u00c9"},"content":{"rendered":"<div id=\"pl-129\"  class=\"panel-layout\" ><div id=\"pg-129-0\"  class=\"panel-grid panel-no-style\" ><div id=\"pgc-129-0-0\"  class=\"panel-grid-cell\" ><div id=\"panel-129-0-0-0\" class=\"so-panel widget widget_sow-editor panel-first-child panel-last-child\" data-index=\"0\" ><div\n\t\t\t\n\t\t\tclass=\"so-widget-sow-editor so-widget-sow-editor-base\"\n\t\t\t\n\t\t>\n<div class=\"siteorigin-widget-tinymce textwidget\">\n\t<p><em><span style=\"vertical-align: inherit;\"><span style=\"vertical-align: inherit;\">Dans l'espace infini, personne n'entend leurs premiers cris, c'est pourtant au coeur des n\u00e9buleuses que naissent les \u00e9toiles transformant en chaleur et lumi\u00e8re\u00a0<\/span><\/span><\/em><br \/>\n<em><span style=\"vertical-align: inherit;\"><span style=\"vertical-align: inherit;\">une masse diffuse d'atomes qui offre l'un des plus \u00e9mouvants spectacles : celui de la vie toujours renouvel\u00e9e\". A mon fr\u00e8re.....<\/span><\/span><\/em><\/p>\n<p><a href=\"http:\/\/astrojeje.com\/wp-content\/uploads\/2016\/12\/astrojeje_2017_fb.jpg\"><img loading=\"lazy\" decoding=\"async\" class=\"aligncenter size-full wp-image-1617\" src=\"http:\/\/astrojeje.com\/wp-content\/uploads\/2016\/12\/astrojeje_2017_fb.jpg\" alt=\"\" width=\"800\" height=\"800\" srcset=\"http:\/\/astrojeje.com\/wp-content\/uploads\/2016\/12\/astrojeje_2017_fb.jpg 800w, http:\/\/astrojeje.com\/wp-content\/uploads\/2016\/12\/astrojeje_2017_fb-150x150.jpg 150w, http:\/\/astrojeje.com\/wp-content\/uploads\/2016\/12\/astrojeje_2017_fb-300x300.jpg 300w, http:\/\/astrojeje.com\/wp-content\/uploads\/2016\/12\/astrojeje_2017_fb-768x768.jpg 768w\" sizes=\"auto, (max-width: 800px) 100vw, 800px\" \/><\/a><\/p>\n<p><span style=\"vertical-align: inherit;\"><span style=\"vertical-align: inherit;\">N\u00e9 le 25 ao\u00fbt 1971 \u00e0 P\u00e9rigueux en Dordogne, technico commercial dans le domaine du b\u00e2timent,<\/span><\/span><\/p>\n<p class=\"Style1\" align=\"justify\"><span style=\"vertical-align: inherit;\"><span style=\"vertical-align: inherit;\">Je suis tomb\u00e9 dans la marmite \" astronomique \" il y a 20 ans.<\/span><\/span><\/p>\n<p class=\"Style1\" align=\"justify\"><span style=\"vertical-align: inherit;\"><span style=\"vertical-align: inherit;\">J'ai admir\u00e9 pour la premi\u00e8re fois les anneaux de Saturne \" le d\u00e9clic ! \" Quelques ann\u00e9es plus tard, j'ai re\u00e7u \u00e0 No\u00ebl mon premier t\u00e9lescope : un catadioptrique de 76 mm.<\/span><\/span><\/p>\n<p class=\"Style1\" align=\"justify\"><span style=\"vertical-align: inherit;\"><span style=\"vertical-align: inherit;\">Pr\u00e9sident du club d'Astronomie de P\u00e9rigueux pendant 8 ans, j'ai partag\u00e9 ma passion. Apr\u00e8s avoir travaill\u00e9 \u00e0 la pr\u00e9fecture de P\u00e9rigueux pendant les vacances scolaires, j'ai \u00e9conomis\u00e9 pour acheter le t\u00e9lescope de mes r\u00eaves un 130\/720 PERL VIXEN. J'ai r\u00e9alis\u00e9 des photos argentiques et des observations qui m'ont donn\u00e9 envie d'aller plus loin. Passionn\u00e9 par le \" bricolage \" j'ai en 1991, mont\u00e9 mon premier observatoire.<\/span><\/span><\/p>\n<p class=\"Style1\" align=\"justify\"><span style=\"vertical-align: inherit;\"><span style=\"vertical-align: inherit;\">En 1996 dans le cadre de mes activit\u00e9s professionnelles, je me suis install\u00e9 en Lot et Garonne. J'ai achet\u00e9 un nouvel instrument un CELESTRON 8, qui m'a permis de d\u00e9couvrir l'imagerie num\u00e9rique avec une webcam modifi\u00e9e et j'ai \u00e0 nouveau construit un observatoire. \u00c9tant en poste fixe, je me suis lanc\u00e9 dans l'astrophotographie. J'ai re\u00e7u en 2005 pour mon anniversaire une magnifique monture \u00e9quatoriale l'Eq6.<\/span><\/span><\/p>\n<p class=\"Style1\" align=\"justify\"><span style=\"vertical-align: inherit;\"><span style=\"vertical-align: inherit;\">Je suis pass\u00e9 \u00e0 la pratique de la photo num\u00e9rique autoguid\u00e9e avec un APN, j'am\u00e9liore mes connaissances et mon installation afin d'atteindre mon objectif : la CCD.<\/span><\/span><\/p>\n<p class=\"Style1\" align=\"justify\"><span style=\"vertical-align: inherit;\"><span style=\"vertical-align: inherit;\">En 2009 je fais ma premi\u00e8re conf\u00e9rence sur l'utilisation de l'appareil photo num\u00e9rique dans le cadre de l'association <\/span><\/span><a href=\"https:\/\/www.astro-images-processing.fr\/\"><span style=\"vertical-align: inherit;\"><span style=\"vertical-align: inherit;\">AIP (Astro Image<\/span><\/span><\/a><span style=\"vertical-align: inherit;\"><span style=\"vertical-align: inherit;\"> Processing ) o\u00f9 je suis intervenant dans la formation des futurs astrophotographes.<\/span><\/span><\/p>\n<p class=\"Style1\" align=\"justify\"><span style=\"vertical-align: inherit;\"><span style=\"vertical-align: inherit;\">Nous sommes en 2012. Apr\u00e8s de nombreuses modifications sur l'observatoire et l'arriv\u00e9e de la cam\u00e9ra QSI CCD, l'observatoire est enfin op\u00e9rationnel pour l'imagerie. Me voil\u00e0 dans le monde des CCD\u00e9istes !! Temps de travail pour avoir atteint mon but.<\/span><\/span><\/p>\n<p class=\"Style1\" align=\"justify\"><span style=\"vertical-align: inherit;\"><span style=\"vertical-align: inherit;\">Les ann\u00e9es passent bien vite et nous voil\u00e0 en 2015. L'observatoire \u00e0 re\u00e7u de nombreuses modifications. L'arriv\u00e9e d'un nouveau tube Un Newton 200\/800 ouvert \u00e0 f\/4 principalement utilis\u00e9 pour l'imagerie du ciel profond. Aujourd'hui l'observatoire est pilotable \u00e0 distance et dans quelques semaines je vais installer une nouvelle cam\u00e9ra CCD de type MORAVIAN avec un capteur 4022.<\/span><\/span><\/p>\n<p class=\"Style1\" align=\"justify\"><span style=\"vertical-align: inherit;\"><span style=\"vertical-align: inherit;\">2016 une grande ann\u00e9e ! Apr\u00e8s de nombreuses soir\u00e9es d'imageries avec le Newton 200\/800, j'ai rencontr\u00e9 des difficult\u00e9s pour obtenir de belles images du principalement \u00e0 la qualit\u00e9 m\u00e9diocre de l'instrument et notamment le tube en acier. J'ai pris une grande d\u00e9cision : me lancer dans la modification compl\u00e8te de l'instrument avec l'installation d'un tube en carbone. Je vous invite \u00e0 visiter la page concernant cette belle.<\/span><\/span><\/p>\n<p class=\"Style1\" align=\"justify\"><span style=\"vertical-align: inherit;\"><span style=\"vertical-align: inherit;\">En collaboration avec mon ami Jean-Marc FRANCOIS, nous avons install\u00e9 un nouvel observatoire. L'arriv\u00e9e des nouvelles technologies informatiques et domotiques lui permet de prendre la main \u00e0 distance depuis son logement situ\u00e9 \u00e0 plus de 600 kms !<\/span><\/span><\/p>\n<p class=\"Style1\" align=\"justify\"><span style=\"vertical-align: inherit;\"><span style=\"vertical-align: inherit;\">Depuis longtemps je voulais 'renouer\" avec l'observation visuelle et profiter des beaux ciels. Je me suis donc offert pour la fin de l'ann\u00e9e et dans le cadre des rencontres du Ciel et de l'Espace \u00e0 Paris un beau Dobson Explorer Scientific de 406 mm de diam\u00e8tre. Bien sur \u00e9tant toujours \u00e0 la recherche d'un confort lors de mes observations j'ai apport\u00e9 de nombreuses am\u00e9liorations que je vous invite \u00e0 visiter dans la rubrique \"Astro Brico\"<\/span><\/span><\/p>\n<p class=\"Style1\" align=\"justify\"><span style=\"vertical-align: inherit;\"><span style=\"vertical-align: inherit;\">Apr\u00e8s quelques d\u00e9boires \u00e9lectriques, l'observatoire \u00e0 subit une grande avec la remise en \u00e9tat complet du r\u00e9seau \u00e9lectrique et l'installation de nouveaux relais qui assurent une s\u00e9curit\u00e9 optimale lors de l'ouverture du toit.<\/span><\/span><\/p>\n<p class=\"Style1\" align=\"justify\"><span style=\"vertical-align: inherit;\"><span style=\"vertical-align: inherit;\">Fin 2016, nous avons mis en place un nouveau site \"Astro J.\" afin de pr\u00e9senter l'ensemble de nos travaux et vous faire profiter de notre exp\u00e9rience.<\/span><\/span><\/p>\n<p class=\"Style1\" align=\"justify\"><span style=\"vertical-align: inherit;\"><span style=\"vertical-align: inherit;\">Bonne visite<\/span><\/span><\/p>\n<p class=\"Style1\" align=\"justify\"><span style=\"vertical-align: inherit;\"><span style=\"vertical-align: inherit;\">J\u00e9r\u00f4me RUDELLE<\/span><\/span><\/p>\n<p class=\"Style1\" align=\"justify\"><a href=\"http:\/\/astrojeje.com\/wp-content\/uploads\/2016\/12\/astrojeje_logo.jpg\"><img loading=\"lazy\" decoding=\"async\" class=\"alignleft wp-image-526\" src=\"http:\/\/astrojeje.com\/wp-content\/uploads\/2016\/12\/astrojeje_logo.jpg\" alt=\"\" width=\"286\" height=\"87\" srcset=\"http:\/\/astrojeje.com\/wp-content\/uploads\/2016\/12\/astrojeje_logo.jpg 800w, http:\/\/astrojeje.com\/wp-content\/uploads\/2016\/12\/astrojeje_logo-300x91.jpg 300w, http:\/\/astrojeje.com\/wp-content\/uploads\/2016\/12\/astrojeje_logo-768x233.jpg 768w\" sizes=\"auto, (max-width: 286px) 100vw, 286px\" \/><\/a><\/p>\n<\/div>\n<\/div><\/div><\/div><\/div><div id=\"pg-129-1\"  class=\"panel-grid panel-no-style\" ><div id=\"pgc-129-1-0\"  class=\"panel-grid-cell\" ><div id=\"panel-129-1-0-0\" class=\"so-panel widget widget_sow-editor panel-first-child panel-last-child\" data-index=\"1\" ><div\n\t\t\t\n\t\t\tclass=\"so-widget-sow-editor so-widget-sow-editor-base\"\n\t\t\t\n\t\t>\n<div class=\"siteorigin-widget-tinymce textwidget\">\n\t<a class=\"button button-medium default\" href=\"http:\/\/astrojeje.com\/\">Retour \u00e0 la page d'accueil<\/a>\n<\/div>\n<\/div><\/div><\/div><\/div><\/div>","protected":false},"excerpt":{"rendered":"<p>Dans l&#8217;espace infini, personne n&#8217;entend leurs premiers cris, c&#8217;est pourtant au coeur des n\u00e9buleuses que naissent les \u00e9toiles transformant en chaleur et lumi\u00e8re\u00a0 une masse diffuse d&#8217;atomes qui offre l&#8217;un des plus \u00e9mouvants spectacles : celui de la vie toujours renouvel\u00e9e&#8221;. A mon fr\u00e8re&#8230;.. N\u00e9 le 25 ao\u00fbt 1971 \u00e0 P\u00e9rigueux en Dordogne, technico commercial&#8230; <\/p>\n<div class=\"read-more navbutton\"><a href=\"http:\/\/astrojeje.com\/index.php\/astrojeje\/\">Read More<i class=\"fa fa-angle-double-right\"><\/i><\/a><\/div>\n","protected":false},"author":1,"featured_media":0,"parent":0,"menu_order":0,"comment_status":"closed","ping_status":"closed","template":"","meta":{"footnotes":""},"class_list":["post-129","page","type-page","status-publish","hentry"],"_links":{"self":[{"href":"http:\/\/astrojeje.com\/index.php\/wp-json\/wp\/v2\/pages\/129","targetHints":{"allow":["GET"]}}],"collection":[{"href":"http:\/\/astrojeje.com\/index.php\/wp-json\/wp\/v2\/pages"}],"about":[{"href":"http:\/\/astrojeje.com\/index.php\/wp-json\/wp\/v2\/types\/page"}],"author":[{"embeddable":true,"href":"http:\/\/astrojeje.com\/index.php\/wp-json\/wp\/v2\/users\/1"}],"replies":[{"embeddable":true,"href":"http:\/\/astrojeje.com\/index.php\/wp-json\/wp\/v2\/comments?post=129"}],"version-history":[{"count":16,"href":"http:\/\/astrojeje.com\/index.php\/wp-json\/wp\/v2\/pages\/129\/revisions"}],"predecessor-version":[{"id":4436,"href":"http:\/\/astrojeje.com\/index.php\/wp-json\/wp\/v2\/pages\/129\/revisions\/4436"}],"wp:attachment":[{"href":"http:\/\/astrojeje.com\/index.php\/wp-json\/wp\/v2\/media?parent=129"}],"curies":[{"name":"wp","href":"https:\/\/api.w.org\/{rel}","templated":true}]}}